{"id":9441,"date":"2018-11-28T02:09:45","date_gmt":"2018-11-27T22:09:45","guid":{"rendered":"https:\/\/www.polecultureldesursulines.ca\/groupes\/"},"modified":"2024-02-21T15:45:11","modified_gmt":"2024-02-21T19:45:11","slug":"groups","status":"publish","type":"page","link":"https:\/\/www.polecultureldesursulines.ca\/en\/groups\/","title":{"rendered":"Mediation | Groups"},"content":{"rendered":"<div class=\"wpb-content-wrapper\"><p>[vc_section full_width=&#8221;stretch_row_content&#8221;][vc_row full_width=&#8221;stretch_row_content_no_spaces&#8221; bg_position=&#8221;center center&#8221; css=&#8221;.vc_custom_1526496566880{padding-top: 20vh !important;padding-bottom: 20vh !important;background-image: url(https:\/\/www.polecultureldesursulines.ca\/wp-content\/uploads\/2018\/05\/Visite_educ.jpg?id=4727) !important;}&#8221;][vc_column][\/vc_column][\/vc_row][\/vc_section][vc_row full_width=&#8221;stretch_row&#8221; css=&#8221;.vc_custom_1613757493697{padding-top: 5vh !important;padding-bottom: 10vh !important;background-color: #aa1738 !important;}&#8221;][vc_column width=&#8221;1\/2&#8243;][vc_custom_heading text=&#8221;GROUPS&#8221; font_container=&#8221;tag:h1|text_align:left|color:%23ffffff&#8221; use_theme_fonts=&#8221;yes&#8221; css=&#8221;.vc_custom_1614009970490{margin-top: 0px !important;padding-top: 0px !important;}&#8221;][vc_separator color=&#8221;white&#8221; align=&#8221;align_left&#8221; el_width=&#8221;30&#8243;][\/vc_column][vc_column width=&#8221;1\/2&#8243;][vc_column_text]<\/p>\n<p class=\"p1\"><span class=\"s2\" style=\"font-size: 18px; color: #ffffff;\">The P\u00f4le culturel du Monast\u00e8re des Ursulines offers personalized tours for groups of 15 or more people.<\/span><\/p>\n<p>[\/vc_column_text][\/vc_column][\/vc_row][vc_section full_width=&#8221;stretch_row&#8221; css=&#8221;.vc_custom_1613757500402{padding-top: 5vh !important;padding-bottom: 10vh !important;}&#8221;][vc_row gap=&#8221;35&#8243; css=&#8221;.vc_custom_1567000755191{margin-right: 15px !important;margin-left: 15px !important;border-radius: 4px !important;}&#8221;][vc_column width=&#8221;7\/12&#8243;][vc_single_image image=&#8221;9801&#8243; img_size=&#8221;large&#8221; alignment=&#8221;center&#8221;][vc_custom_heading text=&#8221;Classical Tour&#8221; font_container=&#8221;tag:h3|font_size:21|text_align:left|color:%23aa1738&#8243; use_theme_fonts=&#8221;yes&#8221;][vc_column_text]<\/p>\n<p class=\"p1\"><span class=\"s2\">A member of our cultural mediation team will be your guide on a tour of <a href=\"https:\/\/www.polecultureldesursulines.ca\/en\/exhibition-young-ladies-academy\/\"><strong>The Young Ladies Academy<\/strong><\/a> permanent exhibition. Come discover the approximately 300 fascinating objects on display in our exhibition halls that tell the tale of the Ursulines\u2019 history.<\/span><\/p>\n<p class=\"p1\"><span class=\"s2\">The Ursulines\u2019 heritage and collective memory are sure to delight!<\/span><\/p>\n<p>[\/vc_column_text][vc_separator][\/vc_column][vc_column width=&#8221;5\/12&#8243;][vc_custom_heading text=&#8221;Practical Information&#8221; font_container=&#8221;tag:h3|font_size:34|text_align:center|color:%239e9e9e|line_height:42px&#8221; use_theme_fonts=&#8221;yes&#8221;][vc_btn title=&#8221;Rates and Terms&#8221; color=&#8221;juicy-pink&#8221; size=&#8221;lg&#8221; align=&#8221;center&#8221; button_block=&#8221;true&#8221; link=&#8221;url:https%3A%2F%2Fwww.polecultureldesursulines.ca%2Fwp-content%2Fuploads%2F2024%2F02%2FGroup_rates_2024.pdf|target:_blank&#8221; css=&#8221;.vc_custom_1708544694229{padding-left: 22px !important;}&#8221;][vc_btn title=&#8221;Reserve Now&#8221; color=&#8221;juicy-pink&#8221; size=&#8221;lg&#8221; align=&#8221;center&#8221; button_block=&#8221;true&#8221; link=&#8221;url:https%3A%2F%2Fwww.polecultureldesursulines.ca%2Fen%2Freserve-tour%2F|title:Reserve%20This%20Tour%20%E2%80%93%20P%C3%B4le%20culturel%20du%20Monast%C3%A8re%20des%20Ursulines&#8221; css=&#8221;.vc_custom_1614288366958{padding-left: 22px !important;}&#8221;][\/vc_column][\/vc_row][vc_row gap=&#8221;35&#8243; css=&#8221;.vc_custom_1567000755191{margin-right: 15px !important;margin-left: 15px !important;border-radius: 4px !important;}&#8221;][vc_column width=&#8221;7\/12&#8243; align=&#8221;text-lg-right text-md-right text-sm-right text-xs-right&#8221;]<style>.ra_button_69e1a70e0dfe5 i{margin-left:10px;margin-right:10px;}.ra_button_69e1a70e0dfe5{border-color:!important;}<\/style><a href=\"https:\/\/www.polecultureldesursulines.ca\/en\/museum-pole-culturel\/\" title=\"Museum | P\u00f4le culturel du Monast\u00e8re des Ursulines\" class=\"btn btn-default semi-round border-thin fix-v-align ra_button_69e1a70e0dfe5 btn-hover-curtain hc-default curtain-right vc_custom_1614280103551\" >\n\t\t\t\t\t<span class=\"btn-curtain\"><\/span>\n\t\t<span>\n\tDiscover the exhibitions<i class=\"fas fa-arrow-right\"><\/i>\t<\/span>\n<\/a>\n[\/vc_column][vc_column width=&#8221;5\/12&#8243;][\/vc_column][\/vc_row][\/vc_section][vc_section full_width=&#8221;stretch_row&#8221; disable_element=&#8221;yes&#8221; css=&#8221;.vc_custom_1551993925664{padding-top: 10vh !important;padding-bottom: 10vh !important;background-color: #aa1738 !important;}&#8221;][vc_row equal_height=&#8221;yes&#8221;][vc_column width=&#8221;1\/2&#8243;][vc_custom_heading text=&#8221;Visitez et d\u00e9couvrez le P\u00f4le culturel du Monast\u00e8re des Ursulines&#8221; font_container=&#8221;tag:h1|text_align:left|color:%23ffffff&#8221; use_theme_fonts=&#8221;yes&#8221; css=&#8221;.vc_custom_1535391278338{margin-top: 0px !important;padding-top: 0px !important;}&#8221;][vc_separator color=&#8221;white&#8221; align=&#8221;align_left&#8221; el_width=&#8221;30&#8243;][\/vc_column][vc_column width=&#8221;1\/2&#8243;][vc_column_text css=&#8221;.vc_custom_1551464324357{margin-top: 0px !important;}&#8221;]<\/p>\n<p class=\"p1\"><span class=\"s1\" style=\"color: #ffffff; font-size: 18px;\">Le mandat de la m\u00e9diation culturelle est de cr\u00e9er et d\u2019organiser des activit\u00e9s de m\u00e9diation culturelle qui mettent en valeur les diff\u00e9rentes facettes du legs des Ursulines. Cela inclut les visites au mus\u00e9e et \u00e0 la chapelle, ainsi que l&#8217;offre d\u2019activit\u00e9s s&#8217;adressant \u00e0 un large public.<\/span><\/p>\n<p>[\/vc_column_text][\/vc_column][\/vc_row][\/vc_section][vc_section disable_element=&#8221;yes&#8221; css=&#8221;.vc_custom_1551993913513{padding-top: 10vh !important;padding-bottom: 10vh !important;}&#8221;][vc_row css=&#8221;.vc_custom_1527009805722{margin-bottom: 3vh !important;}&#8221;][vc_column width=&#8221;1\/2&#8243; css=&#8221;.vc_custom_1526995198819{margin-bottom: 0px !important;}&#8221;][vc_custom_heading text=&#8221;Orientations&#8221; font_container=&#8221;tag:h2|text_align:left|color:%233d3d3d&#8221; use_theme_fonts=&#8221;yes&#8221; css=&#8221;.vc_custom_1526994421524{margin-top: 0px !important;}&#8221;][vc_separator color=&#8221;custom&#8221; align=&#8221;align_left&#8221; el_width=&#8221;20&#8243; accent_color=&#8221;#3d3d3d&#8221;][\/vc_column][vc_column width=&#8221;1\/2&#8243;][vc_column_text]<\/p>\n<p class=\"p1\"><span class=\"s1\" style=\"font-size: 18px;\">Le secteur de la m\u00e9diation culturelle s\u2019est dot\u00e9 d\u2019une vision propre quant aux principes r\u00e9gissant ses activit\u00e9s. Ces principes, inspir\u00e9s tant des pratiques actuelles du monde culturel que des valeurs respect\u00e9es par le P\u00f4le culturel du Monast\u00e8re des Ursulines, sont les suivants:<\/span><\/p>\n<p>[\/vc_column_text][\/vc_column][\/vc_row][vc_row css=&#8221;.vc_custom_1527010054433{margin-bottom: 5vh !important;padding-top: 0px !important;padding-right: 2vh !important;padding-bottom: 0px !important;padding-left: 2vh !important;background-color: #f3f3f3 !important;}&#8221;][vc_column width=&#8221;1\/4&#8243; css=&#8221;.vc_custom_1527009993231{padding-top: 1vh !important;padding-left: 2vh !important;}&#8221;][vc_custom_heading text=&#8221;R\u00e9ciprocit\u00e9&#8221; font_container=&#8221;tag:h3|text_align:left|line_height:21px&#8221; use_theme_fonts=&#8221;yes&#8221; css=&#8221;.vc_custom_1527009938397{margin-bottom: 13px !important;}&#8221;][vc_column_text]<span style=\"font-size: 18px;\"><span class=\"s1\">En plus de diffuser l\u2019h\u00e9ritage culturel des Ursulines, le P\u00f4le culturel engage et maintient le dialogue avec ses publics et se laisse influencer par eux.<\/span><\/span>[\/vc_column_text][\/vc_column][vc_column width=&#8221;1\/4&#8243; css=&#8221;.vc_custom_1527010004149{padding-top: 1vh !important;padding-left: 2vh !important;}&#8221;][vc_custom_heading text=&#8221;Sensibilit\u00e9&#8221; font_container=&#8221;tag:h3|text_align:left|line_height:21px&#8221; use_theme_fonts=&#8221;yes&#8221; css=&#8221;.vc_custom_1527009948106{margin-bottom: 13px !important;}&#8221;][vc_column_text]<\/p>\n<p class=\"p1\"><span class=\"s1\" style=\"font-size: 18px;\">Le dialogue engag\u00e9 par le P\u00f4le culturel et les activit\u00e9s qui en r\u00e9sultent ont pour but de r\u00e9pondre aux besoins culturels sp\u00e9cifiques des diff\u00e9rents publics.<\/span><\/p>\n<p>[\/vc_column_text][\/vc_column][vc_column width=&#8221;1\/4&#8243; css=&#8221;.vc_custom_1527010012006{padding-top: 1vh !important;padding-left: 2vh !important;}&#8221;][vc_custom_heading text=&#8221;Diversit\u00e9&#8221; font_container=&#8221;tag:h3|text_align:left|line_height:21px&#8221; use_theme_fonts=&#8221;yes&#8221; css=&#8221;.vc_custom_1527009957139{margin-bottom: 13px !important;}&#8221;][vc_column_text]<\/p>\n<p class=\"p1\"><span class=\"s1\" style=\"font-size: 18px;\">Le P\u00f4le organise des activit\u00e9s impressives et expressives qui varient en sujets et approches afin de combler les attentes de divers publics.<\/span><\/p>\n<p>[\/vc_column_text][\/vc_column][vc_column width=&#8221;1\/4&#8243; css=&#8221;.vc_custom_1527010020334{padding-top: 1vh !important;padding-left: 2vh !important;}&#8221;][vc_custom_heading text=&#8221;Avant-gardisme&#8221; font_container=&#8221;tag:h3|text_align:left|line_height:21px&#8221; use_theme_fonts=&#8221;yes&#8221; css=&#8221;.vc_custom_1527009965330{margin-bottom: 13px !important;}&#8221;][vc_column_text]<\/p>\n<p class=\"p1\"><span class=\"s1\" style=\"font-size: 18px;\">Les sujets et approches s\u2019appuient sur les derni\u00e8res tendances culturelles et innovent avec des concepts in\u00e9dits.<\/span><\/p>\n<p>[\/vc_column_text][\/vc_column][\/vc_row][\/vc_section][vc_section disable_element=&#8221;yes&#8221; css=&#8221;.vc_custom_1543591204771{padding-top: 10vh !important;padding-bottom: 10vh !important;}&#8221;][vc_row][vc_column][vc_custom_heading text=&#8221;Calendrier des activit\u00e9s en cours ou \u00e0 venir&#8221; font_container=&#8221;tag:h2|font_size:34px|text_align:center|color:%23aaaaaa&#8221; use_theme_fonts=&#8221;yes&#8221; css=&#8221;.vc_custom_1527089896014{margin-bottom: 55px !important;}&#8221;][vc_row_inner][vc_column_inner][vc_column_text][stachethemes_ec cal=&#8221;4938&#8243; view=&#8221;month&#8221; show_top=&#8221;1&#8243; show_views=&#8221;0&#8243; show_search=&#8221;0&#8243; show_calfilter=&#8221;0&#8243; tooltip_display=&#8221;1&#8243; show_create_event_form=&#8221;0&#8243;][\/vc_column_text][\/vc_column_inner][\/vc_row_inner][\/vc_column][\/vc_row][\/vc_section][vc_section disable_element=&#8221;yes&#8221; css=&#8221;.vc_custom_1551993854407{margin-top: 55px !important;margin-right: 13px !important;margin-bottom: 55px !important;margin-left: 13px !important;border-top-width: 2px !important;border-right-width: 2px !important;border-bottom-width: 2px !important;border-left-width: 2px !important;padding-top: 5vh !important;padding-bottom: 10vh !important;border-left-color: #aaaaaa !important;border-left-style: solid !important;border-right-color: #aaaaaa !important;border-right-style: solid !important;border-top-color: #aaaaaa !important;border-top-style: solid !important;border-bottom-color: #aaaaaa !important;border-bottom-style: solid !important;border-radius: 4px !important;}&#8221;][vc_row][vc_column][vc_custom_heading text=&#8221;Les \u00e9v\u00e9nements \u00e0 ne pas manquer&#8221; font_container=&#8221;tag:h2|text_align:center|color:%233d3d3d&#8221; use_theme_fonts=&#8221;yes&#8221; css=&#8221;.vc_custom_1527094454887{margin-bottom: 13px !important;}&#8221;][\/vc_column][\/vc_row][vc_row][vc_column][vc_column_text]<\/p>\n<p class=\"p1\" style=\"text-align: center;\"><span class=\"s1\">Lors d\u2019\u00e9v\u00e9nements culturels \u00e0 Qu\u00e9bec, le P\u00f4le culturel concocte des activit\u00e9s sp\u00e9ciales.<br \/>\n<\/span><span class=\"s1\">Restez \u00e0 l\u2019aff\u00fbt pour ne rien manquer!<\/span>[\/vc_column_text][vc_column_text]<\/p>\n<p style=\"text-align: center;\"><span style=\"font-size: 21px; color: #aa1738;\"><span class=\"s2\"><span style=\"text-decoration: underline;\"><em>3 et 10 mars 2019<\/em><\/span><em>:<\/em>\u00a0<a href=\"https:\/\/lepointdevente.com\/?q=ursulines&amp;locality=1&amp;radius=500\">Ateliers de cr\u00e9ation litt\u00e9raire au Monast\u00e8re<\/a><\/span><\/span><\/p>\n<p style=\"text-align: center;\"><span style=\"font-size: 21px; color: #aa1738;\"><span class=\"s2\"><span style=\"text-decoration: underline;\"><em>15 avril 2019<\/em><\/span><em>:\u00a0<\/em><a href=\"https:\/\/lepointdevente.com\/billets\/charmantessoirees1819-4\">Causerie historique sur la photographie chez les Ursulines<\/a><\/span><\/span><\/p>\n<p style=\"text-align: center;\"><span style=\"font-size: 21px; color: #aa1738;\"><span class=\"s2\"><span style=\"text-decoration: underline;\"><em>28 avril et 5, 12 et 19 mai 2019<\/em><\/span><em>:\u00a0<\/em><a href=\"https:\/\/lepointdevente.com\/?q=ursulines&amp;locality=1&amp;radius=500\">Ateliers de cr\u00e9ation photographique au Monast\u00e8re<\/a><\/span><\/span><\/p>\n<p>[\/vc_column_text][\/vc_column][\/vc_row][\/vc_section][vc_section full_width=&#8221;stretch_row&#8221; disable_element=&#8221;yes&#8221; css=&#8221;.vc_custom_1535556346845{padding-top: 10vh !important;padding-bottom: 10vh !important;background: #f3f3f3 url(https:\/\/www.polecultureldesursulines.ca\/wp-content\/uploads\/2018\/05\/background-emploi.svg?id=4925) !important;}&#8221;][vc_row css=&#8221;.vc_custom_1527097187622{margin-right: 10px !important;margin-left: 10px !important;}&#8221;][vc_column width=&#8221;1\/2&#8243; css=&#8221;.vc_custom_1534863632060{padding-left: 30vh !important;}&#8221;][vc_single_image image=&#8221;8560&#8243; img_size=&#8221;full&#8221;][vc_custom_heading text=&#8221;Zone cr\u00e9ative&#8221; font_container=&#8221;tag:h2|font_size:21px|text_align:left|color:%23aa1738|line_height:21px&#8221; use_theme_fonts=&#8221;yes&#8221; css=&#8221;.vc_custom_1527008457506{margin-top: 0px !important;margin-bottom: 8px !important;padding-right: 2vh !important;padding-left: 2vh !important;}&#8221;][vc_custom_heading text=&#8221;Point par point&#8221; font_container=&#8221;tag:h3|font_size:30px|text_align:left|color:%23aa1738|line_height:30px&#8221; use_theme_fonts=&#8221;yes&#8221; css=&#8221;.vc_custom_1527008466447{margin-top: 0px !important;margin-bottom: 13px !important;padding-right: 2vh !important;padding-left: 2vh !important;}&#8221;][vc_column_text css=&#8221;.vc_custom_1527007301554{padding-right: 2vh !important;padding-left: 2vh !important;}&#8221;]<\/p>\n<p class=\"p1\"><span class=\"s1\" style=\"font-size: 21px;\">Pour les audacieux, on vous propose de vivre, l\u2019espace \u00ab de quelques points \u00bb, l\u2019exp\u00e9rience de la broderie dans l\u2019exposition <a class=\"\" href=\"https:\/\/www.polecultureldesursulines.ca\/exposition-broder-comme-une-ursuline\/\" target=\"\" rel=\"noopener noreferrer\"><em>Broder comme une ursuline<\/em><\/a>. <\/span><\/p>\n<p class=\"p1\"><span class=\"s1\" style=\"font-size: 21px;\">\u00c0 vos points, partez!<b> <\/b><\/span><\/p>\n<p>[\/vc_column_text][\/vc_column][\/vc_row][\/vc_section][vc_section full_width=&#8221;stretch_row&#8221; disable_element=&#8221;yes&#8221; css=&#8221;.vc_custom_1551993866488{padding-top: 10vh !important;padding-bottom: 10vh !important;background: #f3f3f3 url(https:\/\/www.polecultureldesursulines.ca\/wp-content\/uploads\/2018\/05\/background-emploi.svg?id=4925) !important;}&#8221;][vc_row css=&#8221;.vc_custom_1527097187622{margin-right: 10px !important;margin-left: 10px !important;}&#8221;][vc_column width=&#8221;1\/6&#8243;][\/vc_column][vc_column width=&#8221;1\/3&#8243;][vc_single_image image=&#8221;8560&#8243; img_size=&#8221;full&#8221;][vc_custom_heading text=&#8221;Zone cr\u00e9ative&#8221; font_container=&#8221;tag:h2|font_size:21px|text_align:left|color:%23aa1738|line_height:21px&#8221; use_theme_fonts=&#8221;yes&#8221; css=&#8221;.vc_custom_1527008457506{margin-top: 0px !important;margin-bottom: 8px !important;padding-right: 2vh !important;padding-left: 2vh !important;}&#8221;][vc_custom_heading text=&#8221;Point par point&#8221; font_container=&#8221;tag:h3|font_size:30px|text_align:left|color:%23aa1738|line_height:30px&#8221; use_theme_fonts=&#8221;yes&#8221; css=&#8221;.vc_custom_1527008466447{margin-top: 0px !important;margin-bottom: 13px !important;padding-right: 2vh !important;padding-left: 2vh !important;}&#8221;][vc_column_text css=&#8221;.vc_custom_1536238411827{padding-right: 2vh !important;padding-left: 2vh !important;}&#8221;]<\/p>\n<p class=\"p1\"><span class=\"s1\" style=\"font-size: 21px;\">Pour les audacieux, on vous propose de vivre, l\u2019espace \u00abde quelques points\u00bb, l\u2019exp\u00e9rience de la broderie dans l\u2019exposition <a class=\"\" href=\"https:\/\/www.polecultureldesursulines.ca\/exposition-broder-comme-une-ursuline\/\" target=\"\" rel=\"noopener noreferrer\"><em>Broder comme une ursuline<\/em><\/a>. <\/span><\/p>\n<p class=\"p1\"><span class=\"s1\" style=\"font-size: 21px;\">\u00c0 vos points, partez!<b> <\/b><\/span><\/p>\n<p>[\/vc_column_text][\/vc_column][vc_column width=&#8221;1\/3&#8243;][vc_single_image image=&#8221;8568&#8243; img_size=&#8221;full&#8221;][vc_custom_heading text=&#8221;Jeu d&#8217;association&#8221; font_container=&#8221;tag:h2|font_size:21px|text_align:left|color:%23aa1738|line_height:21px&#8221; use_theme_fonts=&#8221;yes&#8221; css=&#8221;.vc_custom_1535555672827{margin-top: 0px !important;margin-bottom: 8px !important;padding-right: 2vh !important;padding-left: 2vh !important;}&#8221;][vc_custom_heading text=&#8221;Touche &amp; D\u00e9couvre&#8221; font_container=&#8221;tag:h3|font_size:30px|text_align:left|color:%23aa1738|line_height:30px&#8221; use_theme_fonts=&#8221;yes&#8221; css=&#8221;.vc_custom_1535555797696{margin-top: 0px !important;margin-bottom: 13px !important;padding-right: 2vh !important;padding-left: 2vh !important;}&#8221;][vc_column_text css=&#8221;.vc_custom_1535555977634{padding-right: 2vh !important;padding-left: 2vh !important;}&#8221;]<\/p>\n<p class=\"p1\"><span class=\"s1\" style=\"font-size: 21px;\">Pigez un objet et tentez de le retrouver dans les photographies de Genevi\u00e8ve Thibault dans l&#8217;exposition\u00a0<em><a class=\"\" href=\"https:\/\/www.polecultureldesursulines.ca\/exposition-fixer-lephemere\/\" target=\"\" rel=\"noopener noreferrer\">Fixer l&#8217;\u00e9ph\u00e9m\u00e8re<\/a>.<\/em><\/span><\/p>\n<p class=\"p1\"><span style=\"font-size: 21px;\">Bonnes d\u00e9couvertes!<\/span><\/p>\n<p>[\/vc_column_text][\/vc_column][vc_column width=&#8221;1\/6&#8243;][\/vc_column][\/vc_row][\/vc_section][vc_section full_width=&#8221;stretch_row_content&#8221; full_height=&#8221;yes&#8221; disable_element=&#8221;yes&#8221; css=&#8221;.vc_custom_1535553523055{padding-top: 10vh !important;padding-bottom: 10vh !important;background: #f3f3f3 url(https:\/\/www.polecultureldesursulines.ca\/wp-content\/uploads\/2018\/05\/background-emploi.svg?id=4925) !important;}&#8221;][vc_row css=&#8221;.vc_custom_1527097187622{margin-right: 10px !important;margin-left: 10px !important;}&#8221;][vc_column width=&#8221;1\/4&#8243;][\/vc_column][vc_column width=&#8221;1\/4&#8243;][vc_single_image image=&#8221;8560&#8243; img_size=&#8221;full&#8221;][vc_custom_heading text=&#8221;Zone cr\u00e9ative&#8221; font_container=&#8221;tag:h2|font_size:21px|text_align:left|color:%23aa1738|line_height:21px&#8221; use_theme_fonts=&#8221;yes&#8221; css=&#8221;.vc_custom_1527008457506{margin-top: 0px !important;margin-bottom: 8px !important;padding-right: 2vh !important;padding-left: 2vh !important;}&#8221;][vc_custom_heading text=&#8221;Point par point&#8221; font_container=&#8221;tag:h3|font_size:30px|text_align:left|color:%23aa1738|line_height:30px&#8221; use_theme_fonts=&#8221;yes&#8221; css=&#8221;.vc_custom_1527008466447{margin-top: 0px !important;margin-bottom: 13px !important;padding-right: 2vh !important;padding-left: 2vh !important;}&#8221;][vc_column_text css=&#8221;.vc_custom_1527007301554{padding-right: 2vh !important;padding-left: 2vh !important;}&#8221;]<\/p>\n<p class=\"p1\"><span class=\"s1\" style=\"font-size: 21px;\">Pour les audacieux, on vous propose de vivre, l\u2019espace \u00ab de quelques points \u00bb, l\u2019exp\u00e9rience de la broderie dans l\u2019exposition <a class=\"\" href=\"https:\/\/www.polecultureldesursulines.ca\/exposition-broder-comme-une-ursuline\/\" target=\"\" rel=\"noopener noreferrer\"><em>Broder comme une ursuline<\/em><\/a>. <\/span><\/p>\n<p class=\"p1\"><span class=\"s1\" style=\"font-size: 21px;\">\u00c0 vos points, partez!<b> <\/b><\/span><\/p>\n<p>[\/vc_column_text][\/vc_column][vc_column width=&#8221;1\/4&#8243;][vc_single_image image=&#8221;8560&#8243; img_size=&#8221;full&#8221;][vc_custom_heading text=&#8221;Zone cr\u00e9ative&#8221; font_container=&#8221;tag:h2|font_size:21px|text_align:left|color:%23aa1738|line_height:21px&#8221; use_theme_fonts=&#8221;yes&#8221; css=&#8221;.vc_custom_1527008457506{margin-top: 0px !important;margin-bottom: 8px !important;padding-right: 2vh !important;padding-left: 2vh !important;}&#8221;][vc_custom_heading text=&#8221;Point par point&#8221; font_container=&#8221;tag:h3|font_size:30px|text_align:left|color:%23aa1738|line_height:30px&#8221; use_theme_fonts=&#8221;yes&#8221; css=&#8221;.vc_custom_1527008466447{margin-top: 0px !important;margin-bottom: 13px !important;padding-right: 2vh !important;padding-left: 2vh !important;}&#8221;][vc_column_text css=&#8221;.vc_custom_1527007301554{padding-right: 2vh !important;padding-left: 2vh !important;}&#8221;]<\/p>\n<p class=\"p1\"><span class=\"s1\" style=\"font-size: 21px;\">Pour les audacieux, on vous propose de vivre, l\u2019espace \u00ab de quelques points \u00bb, l\u2019exp\u00e9rience de la broderie dans l\u2019exposition <a class=\"\" href=\"https:\/\/www.polecultureldesursulines.ca\/exposition-broder-comme-une-ursuline\/\" target=\"\" rel=\"noopener noreferrer\"><em>Broder comme une ursuline<\/em><\/a>. <\/span><\/p>\n<p class=\"p1\"><span class=\"s1\" style=\"font-size: 21px;\">\u00c0 vos points, partez!<b> <\/b><\/span><\/p>\n<p>[\/vc_column_text][\/vc_column][vc_column width=&#8221;1\/4&#8243;][\/vc_column][\/vc_row][\/vc_section]<\/p>\n<\/div>","protected":false},"excerpt":{"rendered":"<p>[vc_section full_width=&#8221;stretch_row_content&#8221;][vc_row full_width=&#8221;stretch_row_content_no_spaces&#8221; bg_position=&#8221;center center&#8221; css=&#8221;.vc_custom_1526496566880{padding-top: 20vh !important;padding-bottom: 20vh !important;background-image: url(https:\/\/www.polecultureldesursulines.ca\/wp-content\/uploads\/2018\/05\/Visite_educ.jpg?id=4727) !important;}&#8221;][vc_column][\/vc_column][\/vc_row][\/vc_section][vc_row full_width=&#8221;stretch_row&#8221; css=&#8221;.vc_custom_1613757493697{padding-top: 5vh !important;padding-bottom: 10vh !important;background-color: #aa1738 !important;}&#8221;][vc_column width=&#8221;1\/2&#8243;][vc_custom_heading text=&#8221;GROUPS&#8221; font_container=&#8221;tag:h1|text_align:left|color:%23ffffff&#8221; use_theme_fonts=&#8221;yes&#8221; css=&#8221;.vc_custom_1614009970490{margin-top: 0px !important;padding-top: 0px !important;}&#8221;][vc_separator color=&#8221;white&#8221; align=&#8221;align_left&#8221; el_width=&#8221;30&#8243;][\/vc_column][vc_column width=&#8221;1\/2&#8243;][vc_column_text] The P\u00f4le culturel du Monast\u00e8re des Ursulines offers personalized tours for groups of 15 or more people. [\/vc_column_text][\/vc_column][\/vc_row][vc_section full_width=&#8221;stretch_row&#8221; css=&#8221;.vc_custom_1613757500402{padding-top: 5vh !important;padding-bottom: [&#8230;]<\/p>\n","protected":false},"author":1,"featured_media":0,"parent":0,"menu_order":0,"comment_status":"closed","ping_status":"closed","template":"","meta":{"inline_featured_image":false,"footnotes":""},"class_list":["post-9441","page","type-page","status-publish","hentry"],"jetpack_sharing_enabled":true,"_links":{"self":[{"href":"https:\/\/www.polecultureldesursulines.ca\/en\/wp-json\/wp\/v2\/pages\/9441","targetHints":{"allow":["GET"]}}],"collection":[{"href":"https:\/\/www.polecultureldesursulines.ca\/en\/wp-json\/wp\/v2\/pages"}],"about":[{"href":"https:\/\/www.polecultureldesursulines.ca\/en\/wp-json\/wp\/v2\/types\/page"}],"author":[{"embeddable":true,"href":"https:\/\/www.polecultureldesursulines.ca\/en\/wp-json\/wp\/v2\/users\/1"}],"replies":[{"embeddable":true,"href":"https:\/\/www.polecultureldesursulines.ca\/en\/wp-json\/wp\/v2\/comments?post=9441"}],"version-history":[{"count":0,"href":"https:\/\/www.polecultureldesursulines.ca\/en\/wp-json\/wp\/v2\/pages\/9441\/revisions"}],"wp:attachment":[{"href":"https:\/\/www.polecultureldesursulines.ca\/en\/wp-json\/wp\/v2\/media?parent=9441"}],"curies":[{"name":"wp","href":"https:\/\/api.w.org\/{rel}","templated":true}]}}