{"id":9425,"date":"2019-02-26T19:41:34","date_gmt":"2019-02-26T15:41:34","guid":{"rendered":"https:\/\/www.polecultureldesursulines.ca\/archives\/archives-consultation\/"},"modified":"2022-10-05T13:44:48","modified_gmt":"2022-10-05T17:44:48","slug":"consultation","status":"publish","type":"page","link":"https:\/\/www.polecultureldesursulines.ca\/en\/archives\/consultation\/","title":{"rendered":"Archives | Consultation"},"content":{"rendered":"<div class=\"wpb-content-wrapper\"><p>[vc_section full_width=&#8221;stretch_row_content&#8221;][vc_row full_width=&#8221;stretch_row_content_no_spaces&#8221; css=&#8221;.vc_custom_1543846098047{padding-top: 20vh !important;padding-bottom: 20vh !important;background-image: url(https:\/\/polecultureldesursulines.ca\/wp-content\/uploads\/2018\/05\/archives3.jpg?id=5016) !important;background-position: center !important;background-repeat: no-repeat !important;background-size: cover !important;}&#8221;][vc_column][\/vc_column][\/vc_row][\/vc_section][vc_section full_width=&#8221;stretch_row&#8221; css=&#8221;.vc_custom_1543849162456{padding-top: 2px !important;padding-bottom: 2px !important;background-color: #a18526 !important;}&#8221;][vc_row][vc_column]<style>.ra_button_69dc64bf4b0f6 i{color:#ffffff;}.ra_button_69dc64bf4b0f6{border-color: !important;color:#ffffff !important;}.ra_button_69dc64bf4b0f6:focus,.ra_button_69dc64bf4b0f6:hover{color:rgba(255,255,255,0.5) !important;}<\/style><a href=\"https:\/\/polecultureldesursulines.ca\/en\/archives\/\" title=\"Archives\" class=\"btn btn-naked border-thin fix-v-align text-uppercase ra_button_69dc64bf4b0f6 icon-left\" >\n\t\t\t\t<span>\n\t<i class=\"typcn typcn-arrow-left\"><\/i>Back to the Archives\t<\/span>\n<\/a>\n[\/vc_column][\/vc_row][\/vc_section][vc_section full_width=&#8221;stretch_row&#8221; css=&#8221;.vc_custom_1544127140260{padding-top: 5% !important;padding-bottom: 10vh !important;background-color: #f3f3f3 !important;background-position: 0 0 !important;background-repeat: repeat !important;}&#8221;][vc_row equal_height=&#8221;yes&#8221;][vc_column width=&#8221;1\/2&#8243;][vc_custom_heading text=&#8221;Consultation of Archival Documents&#8221; font_container=&#8221;tag:h1|text_align:left|color:%23a18526&#8243; use_theme_fonts=&#8221;yes&#8221; css=&#8221;.vc_custom_1612452312701{margin-top: 0px !important;margin-bottom: 13px !important;padding-top: 0px !important;padding-right: 34px !important;}&#8221;][vc_separator color=&#8221;custom&#8221; align=&#8221;align_left&#8221; el_width=&#8221;30&#8243; accent_color=&#8221;#cecece&#8221; css=&#8221;.vc_custom_1544127105987{margin-bottom: 34px !important;}&#8221;][vc_custom_heading text=&#8221;Documents will soon be available for consultation on our website. Check back often!&#8221; font_container=&#8221;tag:h3|font_size:21|text_align:left|color:%23939393|line_height:21px&#8221; use_theme_fonts=&#8221;yes&#8221;][vc_column_text el_class=&#8221;hidden&#8221;]<span style=\"font-size: 18px;\"><span style=\"font-weight: 400; color: #333333;\">Monast\u00e8re de Qu\u00e9bec (1639- \u00a0\u00a0)<\/span><span style=\"font-weight: 400; color: #333333;\"><br \/>\n<\/span><span style=\"font-weight: 400; color: #333333;\">Monast\u00e8re de Stanstead (1884-2004)<\/span><br \/>\n<\/span>[\/vc_column_text][vc_separator color=&#8221;custom&#8221; align=&#8221;align_left&#8221; el_width=&#8221;30&#8243; accent_color=&#8221;#cecece&#8221;][vc_custom_heading text=&#8221;To contact the archives&#8221; font_container=&#8221;tag:h3|font_size:21|text_align:left|color:%23939393|line_height:21px&#8221; use_theme_fonts=&#8221;yes&#8221;][vc_column_text]<\/p>\n<p class=\"font_8\"><span style=\"font-size: 18px; color: #3d3d3d;\">Quebec City: 418-694-0694, ext. 5 <\/span><br \/>\n<span style=\"font-size: 18px; color: #3d3d3d;\">Trois-Rivi\u00e8res: 819-697-1245<\/span><\/p>\n<p>[\/vc_column_text][\/vc_column][vc_column width=&#8221;1\/2&#8243;][vc_empty_space][vc_column_text css=&#8221;.vc_custom_1612452415937{margin-top: 0px !important;}&#8221;]All records from the Quebec Monastery covering the years 1641 to 1973 were microfilmed in the early 1970s by the archives team under the supervision of archivist Sister Marcelle Boucher.<\/p>\n<p>Thanks to funding from Library and Archives Canada\u2019s Documentary Heritage Communities Program, the microfilm has all been digitized. It will soon be possible to consult the Quebec Monastery\u2019s old records.[\/vc_column_text][vc_btn title=&#8221;Cr\u00e9er un compte&#8221; link=&#8221;url:https%3A%2F%2Fpolecultureldesursulines.ca%2Fcompte-dadherent%2Fpaiement-dadhesion%2F|||rel:nofollow&#8221; el_class=&#8221;hidden&#8221;][vc_btn title=&#8221;Se connecter&#8221; link=&#8221;url:https%3A%2F%2Fpolecultureldesursulines.ca%2Flogin%2F|title:Connexion||rel:nofollow&#8221; el_class=&#8221;hidden&#8221;][\/vc_column][\/vc_row][\/vc_section][vc_section css=&#8221;.vc_custom_1553612287398{padding-bottom: 5% !important;}&#8221;][vc_row][vc_column width=&#8221;1\/2&#8243; css=&#8221;.vc_custom_1551126259111{margin-top: 20px !important;padding-right: 55px !important;}&#8221;][vc_column_text]<\/p>\n<p class=\"font_8\"><span style=\"color: #3d3d3d;\"><span style=\"font-size: 18px;\">Use of documents and responsibilities of researchers<\/span><\/span><\/p>\n<ol>\n<li>The P\u00f4le culturel du Monast\u00e8re des Ursulines strictly prohibits the use of archival documents in any way that is likely to damage the Ursulines\u2019 reputation.<\/li>\n<li>Researchers must be thorough and accurate in their scholarly communications.<\/li>\n<li>The archives of the P\u00f4le culturel du Monast\u00e8re des Ursulines will not be liable for any claims, demands or actions, regardless of the subject of the claim, nor for any demands or actions in connection with losses, damages or injuries, direct or indirect, that might result from the use of its archival documents by researchers.<\/li>\n<li>When using extracts from documents, the following attribution must appear: Collections and Archives | P\u00f4le culturel du Monast\u00e8re des Ursulines.<\/li>\n<\/ol>\n<p>[\/vc_column_text][\/vc_column][vc_column width=&#8221;1\/2&#8243;][vc_column_text el_class=&#8221;hidden&#8221;]<\/p>\n<h2 id=\"consultation-des-documents\">Consultation of Archival Documents<\/h2>\n<p>[\/vc_column_text][\/vc_column][\/vc_row][\/vc_section][vc_row full_width=&#8221;stretch_row&#8221; gap=&#8221;15&#8243; disable_element=&#8221;yes&#8221; css=&#8221;.vc_custom_1553797744857{padding-top: 55px !important;padding-bottom: 55px !important;background: #a18526 url(https:\/\/polecultureldesursulines.ca\/wp-content\/uploads\/2018\/05\/archives.jpg?id=4664) !important;}&#8221;][vc_column width=&#8221;1\/2&#8243;][\/vc_column][vc_column width=&#8221;1\/2&#8243; css=&#8221;.vc_custom_1551127062914{margin-right: 10px !important;margin-left: 10px !important;padding-top: 13px !important;padding-right: 21px !important;padding-bottom: 21px !important;padding-left: 21px !important;background-color: #ffffff !important;}&#8221;][vc_custom_heading text=&#8221;Salles de recherche&#8221; font_container=&#8221;tag:h2|text_align:left|color:%23a18526&#8243; use_theme_fonts=&#8221;yes&#8221; css=&#8221;.vc_custom_1550073300462{margin-bottom: 13px !important;}&#8221;][vc_column_text]<\/p>\n<p class=\"p1\"><span class=\"s2\">Les monast\u00e8res de Qu\u00e9bec et de Trois-Rivi\u00e8res poss\u00e8dent chacun une salle de recherche pouvant accueillir des chercheurs. Ils disposent \u00e9galement d&#8217;une biblioth\u00e8que de livres rares et anciens qui compl\u00e8te les sources d\u2019informations mises \u00e0 la disposition des chercheurs.<\/span><\/p>\n<p class=\"p1\"><span class=\"s2\">La m\u00e9moire communautaire des Ursulines permet, par ses archives, de retracer l\u2019histoire qu\u00e9b\u00e9coise et canadienne dans les diff\u00e9rents documents\u00a0:<br \/>\n<\/span><\/p>\n<ol class=\"ol1\">\n<li class=\"li1\"><span class=\"s3\">Textuels (manuscrits ou imprim\u00e9s);<\/span><\/li>\n<li class=\"li1\">Iconographiques;<\/li>\n<li class=\"li1\"><span class=\"s3\">Cartographiques;<\/span><\/li>\n<li class=\"li1\"><span class=\"s3\">Sonores et filmiques.<\/span><\/li>\n<\/ol>\n<p>[\/vc_column_text][\/vc_column][\/vc_row]<\/p>\n<\/div>","protected":false},"excerpt":{"rendered":"<p>[vc_section full_width=&#8221;stretch_row_content&#8221;][vc_row full_width=&#8221;stretch_row_content_no_spaces&#8221; css=&#8221;.vc_custom_1543846098047{padding-top: 20vh !important;padding-bottom: 20vh !important;background-image: url(https:\/\/polecultureldesursulines.ca\/wp-content\/uploads\/2018\/05\/archives3.jpg?id=5016) !important;background-position: center !important;background-repeat: no-repeat !important;background-size: cover !important;}&#8221;][vc_column][\/vc_column][\/vc_row][\/vc_section][vc_section full_width=&#8221;stretch_row&#8221; css=&#8221;.vc_custom_1543849162456{padding-top: 2px !important;padding-bottom: 2px !important;background-color: #a18526 !important;}&#8221;][vc_row][vc_column][\/vc_column][\/vc_row][\/vc_section][vc_section full_width=&#8221;stretch_row&#8221; css=&#8221;.vc_custom_1544127140260{padding-top: 5% !important;padding-bottom: 10vh !important;background-color: #f3f3f3 !important;background-position: 0 0 !important;background-repeat: repeat !important;}&#8221;][vc_row equal_height=&#8221;yes&#8221;][vc_column width=&#8221;1\/2&#8243;][vc_custom_heading text=&#8221;Consultation of Archival Documents&#8221; font_container=&#8221;tag:h1|text_align:left|color:%23a18526&#8243; use_theme_fonts=&#8221;yes&#8221; css=&#8221;.vc_custom_1612452312701{margin-top: 0px !important;margin-bottom: 13px !important;padding-top: 0px !important;padding-right: 34px !important;}&#8221;][vc_separator color=&#8221;custom&#8221; [&#8230;]<\/p>\n","protected":false},"author":1,"featured_media":0,"parent":9395,"menu_order":0,"comment_status":"closed","ping_status":"closed","template":"","meta":{"inline_featured_image":false,"footnotes":""},"class_list":["post-9425","page","type-page","status-publish","hentry"],"jetpack_sharing_enabled":true,"_links":{"self":[{"href":"https:\/\/www.polecultureldesursulines.ca\/en\/wp-json\/wp\/v2\/pages\/9425","targetHints":{"allow":["GET"]}}],"collection":[{"href":"https:\/\/www.polecultureldesursulines.ca\/en\/wp-json\/wp\/v2\/pages"}],"about":[{"href":"https:\/\/www.polecultureldesursulines.ca\/en\/wp-json\/wp\/v2\/types\/page"}],"author":[{"embeddable":true,"href":"https:\/\/www.polecultureldesursulines.ca\/en\/wp-json\/wp\/v2\/users\/1"}],"replies":[{"embeddable":true,"href":"https:\/\/www.polecultureldesursulines.ca\/en\/wp-json\/wp\/v2\/comments?post=9425"}],"version-history":[{"count":0,"href":"https:\/\/www.polecultureldesursulines.ca\/en\/wp-json\/wp\/v2\/pages\/9425\/revisions"}],"up":[{"embeddable":true,"href":"https:\/\/www.polecultureldesursulines.ca\/en\/wp-json\/wp\/v2\/pages\/9395"}],"wp:attachment":[{"href":"https:\/\/www.polecultureldesursulines.ca\/en\/wp-json\/wp\/v2\/media?parent=9425"}],"curies":[{"name":"wp","href":"https:\/\/api.w.org\/{rel}","templated":true}]}}