{"id":9395,"date":"2018-05-03T13:11:16","date_gmt":"2018-05-03T09:11:16","guid":{"rendered":"https:\/\/www.polecultureldesursulines.ca\/archives\/"},"modified":"2021-02-26T21:43:52","modified_gmt":"2021-02-26T17:43:52","slug":"archives","status":"publish","type":"page","link":"https:\/\/www.polecultureldesursulines.ca\/en\/archives\/","title":{"rendered":"Archives | Homepage archives"},"content":{"rendered":"<div class=\"wpb-content-wrapper\">[vc_section full_width=&#8221;stretch_row_content&#8221;][vc_row full_width=&#8221;stretch_row_content_no_spaces&#8221; css=&#8221;.vc_custom_1614361115672{padding-top: 20vh !important;padding-bottom: 20vh !important;background-image: url(https:\/\/www.polecultureldesursulines.ca\/wp-content\/uploads\/2021\/02\/archives-banner-3.jpg?id=10544) !important;}&#8221;][vc_column][\/vc_column][\/vc_row][\/vc_section][vc_section full_width=&#8221;stretch_row&#8221; css=&#8221;.vc_custom_1526483031364{padding-top: 10% !important;padding-bottom: 10% !important;background-color: #a18526 !important;}&#8221;][vc_row equal_height=&#8221;yes&#8221;][vc_column width=&#8221;1\/2&#8243;][vc_custom_heading text=&#8221;THE ARCHIVES&#8221; font_container=&#8221;tag:h1|text_align:left|color:%23ffffff&#8221; use_theme_fonts=&#8221;yes&#8221; css=&#8221;.vc_custom_1614361428101{margin-top: 0px !important;padding-top: 0px !important;}&#8221;][vc_separator color=&#8221;white&#8221; align=&#8221;align_left&#8221; el_width=&#8221;30&#8243;][\/vc_column][vc_column width=&#8221;1\/2&#8243;][vc_column_text el_class=&#8221;archives&#8221;]\r\n<p class=\"p1\"><span style=\"color: #ffffff;\"><span class=\"s2\" style=\"font-size: 18px;\">The Ursulines\u2019 archives comprise all the archival collections of the monasteries and houses created by the Ursulines of Quebec since 1639. From Roberval to Stanstead, from Jacquet River (New Brunswick) to Maillardville (British Columbia), by way of Gasp\u00e9, Amqui, Shawinigan and Anticosti Island, each monastery in the Ursulines of the Canadian Union had an archival service with archivists who carefully preserved the memory of their communities and educational missions.<\/span><\/span><\/p>\r\n[\/vc_column_text][\/vc_column][\/vc_row][\/vc_section][vc_section full_width=&#8221;stretch_row&#8221; css=&#8221;.vc_custom_1527012089841{padding-top: 10vh !important;padding-bottom: 10vh !important;background-color: #f3f3f3 !important;}&#8221;][vc_row css=&#8221;.vc_custom_1527012260544{margin-bottom: 34px !important;}&#8221;][vc_column width=&#8221;1\/2&#8243; css=&#8221;.vc_custom_1527096049615{margin-right: 10px !important;margin-left: 10px !important;border-right-width: 5px !important;border-left-width: 5px !important;padding-top: 0px !important;padding-right: 0px !important;padding-bottom: 0px !important;padding-left: 0px !important;background-color: #ffffff !important;border-left-color: #f3f3f3 !important;border-left-style: solid !important;border-right-color: #f3f3f3 !important;border-right-style: solid !important;border-radius: 4px !important;}&#8221;][vc_single_image image=&#8221;8547&#8243; img_size=&#8221;full&#8221;][vc_custom_heading text=&#8221;Mandate&#8221; font_container=&#8221;tag:h2|text_align:left|color:%23a18526&#8243; use_theme_fonts=&#8221;yes&#8221; css=&#8221;.vc_custom_1612235329661{margin-bottom: 13px !important;padding-right: 2vh !important;padding-left: 2vh !important;}&#8221;][vc_column_text css=&#8221;.vc_custom_1612235371316{padding-right: 2vh !important;padding-left: 2vh !important;}&#8221;]The mandate of the archives is to acquire, preserve and promote the archival legacy of the Union canadienne des moniales de l\u2019ordre de Sainte-Ursule. In addition to the historical archives, this legacy includes books and publications.[\/vc_column_text][\/vc_column][vc_column width=&#8221;1\/2&#8243; css=&#8221;.vc_custom_1527096004879{margin-right: 10px !important;margin-left: 10px !important;border-right-width: 5px !important;border-left-width: 5px !important;padding-top: 0px !important;padding-right: 0px !important;padding-bottom: 0px !important;padding-left: 0px !important;background-color: #ffffff !important;border-left-color: #f3f3f3 !important;border-left-style: solid !important;border-right-color: #f3f3f3 !important;border-right-style: solid !important;border-radius: 4px !important;}&#8221;][vc_single_image image=&#8221;8540&#8243; img_size=&#8221;full&#8221;][vc_custom_heading text=&#8221;Overview&#8221; font_container=&#8221;tag:h2|text_align:left|color:%23a18526&#8243; use_theme_fonts=&#8221;yes&#8221; css=&#8221;.vc_custom_1612235385099{margin-bottom: 13px !important;padding-right: 2vh !important;padding-left: 2vh !important;}&#8221;][vc_column_text css=&#8221;.vc_custom_1612235485952{padding-right: 2vh !important;padding-left: 2vh !important;}&#8221;]\r\n<p class=\"p1\"><span class=\"s1\"> The archives department consists of five archival repositories in three cities: Quebec City, Trois-Rivi\u00e8res and Rimouski. It consolidates the Ursulines\u2019 religious and historical archives, some of which are available to researchers. The archives comprise institutional and private collections that can be divided into three main categories:<\/span><\/p>\r\n\r\n<ol>\r\n \t<li><span class=\"s1\">Collections from monasteries, houses and communities (including all the foundations in the former provinces of Quebec City, Trois-Rivi\u00e8res and Rimouski)<\/span><\/li>\r\n \t<li><span class=\"s1\">Collections from the nuns\u2019 works in schools, the hospital in Trois-Rivi\u00e8res and pastoral activities<\/span><\/li>\r\n \t<li><span class=\"s1\">Nuns\u2019 private collections<\/span><\/li>\r\n<\/ol>\r\n[\/vc_column_text]<style>.ra_button_69d0e2f70f6b1{border-color:!important;}<\/style><a href=\"https:\/\/www.polecultureldesursulines.ca\/en\/archives-research\/\" title=\"Research \u2013 P\u00f4le culturel du Monast\u00e8re des Ursulines\" class=\"btn btn-default semi-round border-thin ra_button_69d0e2f70f6b1 btn-hover-curtain hc-default curtain-right vc_custom_1612899190665\" >\n\t\t\t\t\t<span class=\"btn-curtain\"><\/span>\n\t\t<span>\n\tSearch the Archival Holdings\t<\/span>\n<\/a>\n[\/vc_column][\/vc_row][vc_row disable_element=&#8221;yes&#8221;][vc_column width=&#8221;1\/2&#8243; css=&#8221;.vc_custom_1527096018896{margin-right: 10px !important;margin-left: 10px !important;border-right-width: 5px !important;border-left-width: 5px !important;padding-top: 0px !important;padding-right: 0px !important;padding-bottom: 0px !important;padding-left: 0px !important;background-color: #ffffff !important;border-left-color: #f3f3f3 !important;border-left-style: solid !important;border-right-color: #f3f3f3 !important;border-right-style: solid !important;border-radius: 4px !important;}&#8221;][vc_single_image image=&#8221;8539&#8243; img_size=&#8221;full&#8221;][vc_custom_heading text=&#8221;Salles de recherche&#8221; font_container=&#8221;tag:h2|text_align:left|color:%23a18526&#8243; use_theme_fonts=&#8221;yes&#8221; css=&#8221;.vc_custom_1527012443507{margin-bottom: 13px !important;padding-right: 2vh !important;padding-left: 2vh !important;}&#8221;][vc_column_text css=&#8221;.vc_custom_1534531201973{padding-right: 2vh !important;padding-left: 2vh !important;}&#8221;]\r\n<p class=\"p1\"><span class=\"s2\">Les monast\u00e8res de Qu\u00e9bec et de Trois-Rivi\u00e8res poss\u00e8dent chacun une salle de recherche pouvant accueillir des chercheurs. Ils poss\u00e8dent \u00e9galement une biblioth\u00e8que de livres rares et anciens qui compl\u00e8te les sources d\u2019informations mises \u00e0 la disposition des chercheurs.<\/span><\/p>\r\n<p class=\"p1\"><span class=\"s2\">La m\u00e9moire communautaire des Ursulines permet, par ses archives, de retracer l\u2019histoire qu\u00e9b\u00e9coise et canadienne dans les diff\u00e9rents documents\u00a0:\r\n<\/span><\/p>\r\n\r\n<ol class=\"ol1\">\r\n \t<li class=\"li1\"><span class=\"s3\">Textuels (manuscrits ou imprim\u00e9s);<\/span><\/li>\r\n \t<li class=\"li1\">Iconographiques;<\/li>\r\n \t<li class=\"li1\"><span class=\"s3\">Cartographiques;<\/span><\/li>\r\n \t<li class=\"li1\"><span class=\"s3\">Sonores et filmiques.<\/span><\/li>\r\n<\/ol>\r\n[\/vc_column_text][\/vc_column][vc_column width=&#8221;1\/2&#8243; css=&#8221;.vc_custom_1527096033105{margin-right: 10px !important;margin-left: 10px !important;border-right-width: 5px !important;border-left-width: 5px !important;padding-top: 0px !important;padding-right: 0px !important;padding-bottom: 0px !important;padding-left: 0px !important;background-color: #ffffff !important;border-left-color: #f3f3f3 !important;border-left-style: solid !important;border-right-color: #f3f3f3 !important;border-right-style: solid !important;border-radius: 4px !important;}&#8221;][\/vc_column][\/vc_row][\/vc_section][vc_section css=&#8221;.vc_custom_1526496657451{padding-bottom: 10vh !important;}&#8221;][vc_row disable_element=&#8221;yes&#8221; css=&#8221;.vc_custom_1542834443754{padding-bottom: 10vh !important;}&#8221;][vc_column width=&#8221;1\/3&#8243;][vc_custom_heading text=&#8221;Demande de recherche&#8221; font_container=&#8221;tag:h3|font_size:21|text_align:left|color:%23939393|line_height:21px&#8221; use_theme_fonts=&#8221;yes&#8221;][vc_column_text]\r\n<p class=\"font_8\"><span style=\"font-size: 18px; color: #3d3d3d;\">Pour toutes demandes de recherche veuillez nous rejoindre \u00e0 l&#8217;adresse courriel suivante :\r\n<a href=\"mailto:archives@ursulines-uc.com\" target=\"_blank\" rel=\"noopener noreferrer\">archives@ursulines-uc.com<\/a><\/span><\/p>\r\n[\/vc_column_text][\/vc_column][vc_column width=&#8221;1\/3&#8243;][vc_custom_heading text=&#8221;Tarifs de recherche&#8221; font_container=&#8221;tag:h3|font_size:21|text_align:left|color:%23939393|line_height:21px&#8221; use_theme_fonts=&#8221;yes&#8221;][vc_column_text css=&#8221;.vc_custom_1534775867822{margin-bottom: 13px !important;}&#8221;]<span style=\"font-size: 18px; color: #3d3d3d;\">Pour conna\u00eetre les tarifs li\u00e9s \u00e0 la recherche, \u00e0 l&#8217;utilisation et \u00e0 la photocopie\/num\u00e9risation de documents, veuillez consulter notre grille [\u00e0 venir].<\/span>[\/vc_column_text][\/vc_column][vc_column width=&#8221;1\/3&#8243;][vc_custom_heading text=&#8221;Contacter les archives&#8221; font_container=&#8221;tag:h3|font_size:21|text_align:left|color:%23939393|line_height:21px&#8221; use_theme_fonts=&#8221;yes&#8221;][vc_column_text]\r\n<p class=\"font_8\"><span style=\"font-size: 18px; color: #3d3d3d;\">Qu\u00e9bec : 418-694-0694, poste 5\u00a0<\/span>\r\n<span style=\"font-size: 18px; color: #3d3d3d;\">Trois-Rivi\u00e8res : 819-375-6039, poste 135<\/span><\/p>\r\n[\/vc_column_text][\/vc_column][\/vc_row][\/vc_section][vc_section full_width=&#8221;stretch_row&#8221; disable_element=&#8221;yes&#8221; css=&#8221;.vc_custom_1527083229328{padding-top: 10vh !important;padding-bottom: 10vh !important;background-color: #ededed !important;}&#8221;][vc_row][vc_column width=&#8221;1\/3&#8243;][\/vc_column][vc_column width=&#8221;1\/3&#8243;][vc_custom_heading text=&#8221;Se connecter ou s&#8217;inscrire au syst\u00e8me d&#8217;archives&#8221; font_container=&#8221;tag:h2|font_size:21px|text_align:center|color:%233d3d3d&#8221; use_theme_fonts=&#8221;yes&#8221;][vc_column_text]\t<div class='user-registration ur-frontend-form  ur-frontend-form--rounded ur-frontend-form--rounded-edge ' id='user-registration-form-4682'>\n\t\t\t\t\t\t\t\t<form method='post' class='register' data-form-id=\"4682\"\n\t\t\t\tdata-enable-strength-password=\"1\" data-minimum-password-strength=\"\"\n\t\t\t\t\t\t\t\t\t\t\t\t\t\t\t data-captcha-enabled=\"\">\n\n\t\t\t\t<div class=\"ur-form-row\" data-row-id=\"0\">\t\t\t\t\t\t\t<div class=\"ur-form-grid ur-grid-1\"\n\t\t\t\t\t\t\t\tstyle=\"width:99%\">\n\t\t\t\t\t\t\t\t\t\t\t\t\t\t\t\t<div  data-field-id=\"user_email\" class=\"ur-field-item field-user_email \" data-ref-id=\"user_email\" data-field-pattern-enabled=\"0\" data-field-pattern-value=\" \" data-field-pattern-message=\" \">\n\t\t\t\t\t\t\t\t\t\t<div class=\"form-row validate-required\" id=\"user_email_field\" data-priority=\"\" ><label for=\"user_email\" class=\"ur-label\">Adresse Courriel <abbr class=\"required\" title=\"required\">*<\/abbr><\/label> <span class=\"input-wrapper\"> <input  data-rules=\"\" data-id=\"user_email\" type=\"email\" class=\"input-text   input-email ur-frontend-field \" name=\"user_email\" id=\"user_email\" placeholder=\"\"  value=\"\" required=\"required\" data-label=\"Adresse Courriel\" \/> <\/span> <\/div>\t\t\t\t\t\t\t\t\t<\/div>\n\t\t\t\t\t\t\t\t\t\t\t\t\t\t\t\t\t\t<div  data-field-id=\"user_pass\" class=\"ur-field-item field-user_pass \" data-ref-id=\"user_pass\" data-field-pattern-enabled=\"0\" data-field-pattern-value=\" \" data-field-pattern-message=\" \">\n\t\t\t\t\t\t\t\t\t\t<div class=\"form-row validate-required hide_show_password\" id=\"user_pass_field\" data-priority=\"\"><label for=\"user_pass\" class=\"ur-label\">Mot de passe <abbr class=\"required\" title=\"required\">*<\/abbr><\/label> <span class=\"input-wrapper\"> <span class=\"password-input-group input-form-field-icons\"><input data-rules=\"\" data-id=\"user_pass\" type=\"password\" class=\"input-text  input-password ur-frontend-field \" name=\"user_pass\" id=\"user_pass\" placeholder=\"\"  value=\"\" required=\"required\" data-label=\"Mot de passe\" \/><\/span> <\/span> <\/div>\t\t\t\t\t\t\t\t\t<\/div>\n\t\t\t\t\t\t\t\t\t\t\t\t\t\t\t\t<\/div>\n\t\t\t\t\t\t\t\t\t\t\t\t\t<\/div>\n\t\t\t\t\t\t\t\t\t\t\t\t\t\t\t\t\t\t<div class=\"ur-button-container \" >\n\t\t\t\t\t\t\t\t\t\t\t\t\t\t<button type=\"submit\" class=\"btn button ur-submit-button submit\"  conditional_rules=\"&quot;&quot;\">\n\t\t\t\t\t\t\t\t<span><\/span>\n\t\t\t\t\t\t\t\tSe connecter\t\t\t\t\t\t\t<\/button>\n\t\t\t\t\t\t\t\t\t\t\t\t\t\t\t\t\t\t\t\t<\/div>\n\t\t\t\t\t\t\n\t\t\t\t<div style=\"clear:both\"><\/div>\n\t\t\t\t\t\t\t\t<input type=\"hidden\" name=\"ur-registration-language\" value=\"en\"\/>\n\t\t\t\t<input type=\"hidden\" name=\"ur-user-form-id\" value=\"4682\"\/>\n\t\t\t\t<input type=\"hidden\" name=\"ur-redirect-url\" value=\"\"\/>\n\t\t\t\t<input type=\"hidden\" id=\"ur_frontend_form_nonce\" name=\"ur_frontend_form_nonce\" value=\"b0e3cbd843\" \/>\n\t\t\t\t\n\t\t\t<\/form>\n\t\t\t\n\t\t<div style=\"clear:both\"><\/div>\n\t<\/div>\n\n[\/vc_column_text][\/vc_column][vc_column width=&#8221;1\/3&#8243;][\/vc_column][\/vc_row][\/vc_section][vc_row disable_element=&#8221;yes&#8221;][vc_column width=&#8221;1\/2&#8243;][vc_custom_heading text=&#8221;Formulaire d\u2019aide \u00e0 la recherche et\/ou de reproduction&#8221; font_container=&#8221;tag:h2|font_size:21px|text_align:left|color:%23939393|line_height:21px&#8221;][\/vc_column][vc_column width=&#8221;1\/2&#8243;][vc_custom_heading text=&#8221;Conditions&#8221; font_container=&#8221;tag:h3|font_size:21px|text_align:left|color:%23939393|line_height:21px&#8221;][vc_column_text]\r\n<ul>\r\n \t<li><b><i><span style=\"font-weight: 400;\">Des frais s\u2019appliquent pour toutes demandes de reproduction de documents [grille tarifaire] (cliquer pour ouvrir la grille tarifaire qui est \u00e0 venir).<\/span><\/i><\/b><\/li>\r\n<\/ul>\r\n<ul>\r\n \t<li><span style=\"font-weight: 400;\">Des frais s\u2019appliquent pour l\u2019utilisation de documents sur lesquels les Ursulines de l\u2019Union canadienne d\u00e9tiennent des droits d\u2019auteur. Une licence d\u2019utilisation devra \u00eatre sign\u00e9e par les deux parties.<\/span><\/li>\r\n<\/ul>\r\n<ul>\r\n \t<li><span style=\"font-weight: 400;\">Pour l\u2019utilisation des documents libres de droits d\u2019auteur, une mention obligatoire est exig\u00e9e\u00a0: Archives du P\u00f4le culturel du Monast\u00e8re des Ursulines.<\/span><\/li>\r\n<\/ul>\r\n<ul>\r\n \t<li style=\"font-weight: 400;\"><span style=\"font-weight: 400;\">Toute responsabilit\u00e9 concernant les cas possibles de violation du droit d\u2019auteur et de la vie priv\u00e9e issus de l\u2019utilisation des documents d\u2019archives sera assum\u00e9e par l\u2019utilisateur des documents d\u2019archives. <\/span><\/li>\r\n<\/ul>\r\n&nbsp;\r\n\r\n[\/vc_column_text][\/vc_column][\/vc_row]<\/div>","protected":false},"excerpt":{"rendered":"<p>[vc_section full_width=&#8221;stretch_row_content&#8221;][vc_row full_width=&#8221;stretch_row_content_no_spaces&#8221; css=&#8221;.vc_custom_1614361115672{padding-top: 20vh !important;padding-bottom: 20vh !important;background-image: url(https:\/\/www.polecultureldesursulines.ca\/wp-content\/uploads\/2021\/02\/archives-banner-3.jpg?id=10544) !important;}&#8221;][vc_column][\/vc_column][\/vc_row][\/vc_section][vc_section full_width=&#8221;stretch_row&#8221; css=&#8221;.vc_custom_1526483031364{padding-top: 10% !important;padding-bottom: 10% !important;background-color: #a18526 !important;}&#8221;][vc_row equal_height=&#8221;yes&#8221;][vc_column width=&#8221;1\/2&#8243;][vc_custom_heading text=&#8221;THE ARCHIVES&#8221; font_container=&#8221;tag:h1|text_align:left|color:%23ffffff&#8221; use_theme_fonts=&#8221;yes&#8221; css=&#8221;.vc_custom_1614361428101{margin-top: 0px !important;padding-top: 0px !important;}&#8221;][vc_separator color=&#8221;white&#8221; align=&#8221;align_left&#8221; el_width=&#8221;30&#8243;][\/vc_column][vc_column width=&#8221;1\/2&#8243;][vc_column_text el_class=&#8221;archives&#8221;] The Ursulines\u2019 archives comprise all the archival collections of the monasteries and houses created by the Ursulines of Quebec since 1639. [&#8230;]<\/p>\n","protected":false},"author":1,"featured_media":0,"parent":0,"menu_order":0,"comment_status":"closed","ping_status":"closed","template":"","meta":{"inline_featured_image":false,"footnotes":""},"class_list":["post-9395","page","type-page","status-publish","hentry"],"jetpack_sharing_enabled":true,"_links":{"self":[{"href":"https:\/\/www.polecultureldesursulines.ca\/en\/wp-json\/wp\/v2\/pages\/9395","targetHints":{"allow":["GET"]}}],"collection":[{"href":"https:\/\/www.polecultureldesursulines.ca\/en\/wp-json\/wp\/v2\/pages"}],"about":[{"href":"https:\/\/www.polecultureldesursulines.ca\/en\/wp-json\/wp\/v2\/types\/page"}],"author":[{"embeddable":true,"href":"https:\/\/www.polecultureldesursulines.ca\/en\/wp-json\/wp\/v2\/users\/1"}],"replies":[{"embeddable":true,"href":"https:\/\/www.polecultureldesursulines.ca\/en\/wp-json\/wp\/v2\/comments?post=9395"}],"version-history":[{"count":0,"href":"https:\/\/www.polecultureldesursulines.ca\/en\/wp-json\/wp\/v2\/pages\/9395\/revisions"}],"wp:attachment":[{"href":"https:\/\/www.polecultureldesursulines.ca\/en\/wp-json\/wp\/v2\/media?parent=9395"}],"curies":[{"name":"wp","href":"https:\/\/api.w.org\/{rel}","templated":true}]}}