{"id":9374,"date":"2019-03-05T15:11:41","date_gmt":"2019-03-05T11:11:41","guid":{"rendered":"https:\/\/www.polecultureldesursulines.ca\/contact\/"},"modified":"2021-02-26T21:57:10","modified_gmt":"2021-02-26T17:57:10","slug":"contact","status":"publish","type":"page","link":"https:\/\/www.polecultureldesursulines.ca\/en\/contact\/","title":{"rendered":"PCMU | Contact"},"content":{"rendered":"<div class=\"wpb-content-wrapper\">[vc_section full_width=&#8221;stretch_row&#8221; css=&#8221;.vc_custom_1541791099586{margin-bottom: 0px !important;padding-top: 10vh !important;padding-bottom: 10vh !important;background-color: #f3f3f3 !important;}&#8221;][vc_row equal_height=&#8221;yes&#8221;][vc_column width=&#8221;1\/3&#8243; css=&#8221;.vc_custom_1551794027553{padding-top: 2vh !important;padding-bottom: 8vh !important;padding-left: 5vh !important;background-color: rgba(255,255,255,0.01) !important;*background-color: rgb(255,255,255) !important;}&#8221;][vc_custom_heading text=&#8221;Contact Us&#8221; font_container=&#8221;tag:h1|text_align:left|color:%233d3d3d&#8221; use_theme_fonts=&#8221;yes&#8221; css=&#8221;.vc_custom_1612232591718{margin-top: 0px !important;padding-top: 0px !important;}&#8221;][vc_separator color=&#8221;custom&#8221; align=&#8221;align_left&#8221; el_width=&#8221;20&#8243; accent_color=&#8221;#3d3d3d&#8221;][vc_column_text]To reach our team, please fill out this form and we will get back to you as soon as possible.[\/vc_column_text][vc_separator color=&#8221;custom&#8221; align=&#8221;align_left&#8221; el_width=&#8221;20&#8243; accent_color=&#8221;#3d3d3d&#8221;][vc_column_text]<span style=\"font-size: 18px;\">P\u00f4le culturel du Monast\u00e8re des Ursulines<\/span>\r\n12, rue Donnacona\r\nQu\u00e9bec (Qu\u00e9bec)\r\nG1R 3Y7\r\n\r\nPhone: 418-694-0694\r\nToll-free: 1-866-694-0694\r\ninfo@polecultureldesursulines.ca\r\n\r\nFor interview requests, media requests or to develop a partnership with the P\u00f4le culturel du Monast\u00e8re des Ursulines, contact Claudie B\u00e9rub\u00e9 at 418-801-7663 or <a href=\"mailto: cberube@strategies-b.com\"> by email<\/a>.[\/vc_column_text][\/vc_column][vc_column width=&#8221;1\/6&#8243;][\/vc_column][vc_column width=&#8221;3\/6&#8243;]\n<div class=\"wpcf7 no-js\" id=\"wpcf7-f9378-o1\" lang=\"en-US\" dir=\"ltr\" data-wpcf7-id=\"9378\">\n<div class=\"screen-reader-response\"><p role=\"status\" aria-live=\"polite\" aria-atomic=\"true\"><\/p> <ul><\/ul><\/div>\n<form action=\"\/en\/wp-json\/wp\/v2\/pages\/9374#wpcf7-f9378-o1\" method=\"post\" class=\"wpcf7-form init d54799da0b0f cmatic-conn cmatic-aud-1 cmatic-mapd0-0 cmatic-v0976 cmatic-sent-0 cmatic-total-4169\" aria-label=\"Contact form\" novalidate=\"novalidate\" data-status=\"init\">\n<fieldset class=\"hidden-fields-container\"><input type=\"hidden\" name=\"_wpcf7\" value=\"9378\" \/><input type=\"hidden\" name=\"_wpcf7_version\" value=\"6.1.5\" \/><input type=\"hidden\" name=\"_wpcf7_locale\" value=\"en_US\" \/><input type=\"hidden\" name=\"_wpcf7_unit_tag\" value=\"wpcf7-f9378-o1\" \/><input type=\"hidden\" name=\"_wpcf7_container_post\" value=\"0\" \/><input type=\"hidden\" name=\"_wpcf7_posted_data_hash\" value=\"\" \/><input type=\"hidden\" name=\"_wpcf7_recaptcha_response\" value=\"\" \/>\n<\/fieldset>\n<p><label> First and last name (required)<br \/>\n<span class=\"wpcf7-form-control-wrap\" data-name=\"your-name\"><input size=\"40\" maxlength=\"400\" class=\"wpcf7-form-control wpcf7-text wpcf7-validates-as-required\" aria-required=\"true\" aria-invalid=\"false\" value=\"\" type=\"text\" name=\"your-name\" \/><\/span> <\/label>\n<\/p>\n<p><label> Email address (required)<br \/>\n<span class=\"wpcf7-form-control-wrap\" data-name=\"your-email\"><input size=\"40\" maxlength=\"400\" class=\"wpcf7-form-control wpcf7-email wpcf7-validates-as-required wpcf7-text wpcf7-validates-as-email\" aria-required=\"true\" aria-invalid=\"false\" value=\"\" type=\"email\" name=\"your-email\" \/><\/span> <\/label>\n<\/p>\n<p><label> Subject<br \/>\n<span class=\"wpcf7-form-control-wrap\" data-name=\"your-subject\"><input size=\"40\" maxlength=\"400\" class=\"wpcf7-form-control wpcf7-text\" aria-invalid=\"false\" value=\"\" type=\"text\" name=\"your-subject\" \/><\/span> <\/label>\n<\/p>\n<p><label> Message (required)<br \/>\n<span class=\"wpcf7-form-control-wrap\" data-name=\"your-message\"><textarea cols=\"40\" rows=\"10\" maxlength=\"2000\" class=\"wpcf7-form-control wpcf7-textarea\" aria-invalid=\"false\" name=\"your-message\"><\/textarea><\/span> <\/label>\n<\/p>\n<p><button class=\"wpcf7-form-control wpcf7-submit\" type=\"submit\">Send<\/button>\n<\/p><div class=\"wpcf7-response-output\" aria-hidden=\"true\"><\/div>\n<\/form>\n<\/div>\n[\/vc_column][\/vc_row][\/vc_section]<\/div>","protected":false},"excerpt":{"rendered":"<p>[vc_section full_width=&#8221;stretch_row&#8221; css=&#8221;.vc_custom_1541791099586{margin-bottom: 0px !important;padding-top: 10vh !important;padding-bottom: 10vh !important;background-color: #f3f3f3 !important;}&#8221;][vc_row equal_height=&#8221;yes&#8221;][vc_column width=&#8221;1\/3&#8243; css=&#8221;.vc_custom_1551794027553{padding-top: 2vh !important;padding-bottom: 8vh !important;padding-left: 5vh !important;background-color: rgba(255,255,255,0.01) !important;*background-color: rgb(255,255,255) !important;}&#8221;][vc_custom_heading text=&#8221;Contact Us&#8221; font_container=&#8221;tag:h1|text_align:left|color:%233d3d3d&#8221; use_theme_fonts=&#8221;yes&#8221; css=&#8221;.vc_custom_1612232591718{margin-top: 0px !important;padding-top: 0px !important;}&#8221;][vc_separator color=&#8221;custom&#8221; align=&#8221;align_left&#8221; el_width=&#8221;20&#8243; accent_color=&#8221;#3d3d3d&#8221;][vc_column_text]To reach our team, please fill out this form and we will get back to you as soon as [&#8230;]<\/p>\n","protected":false},"author":25,"featured_media":0,"parent":0,"menu_order":0,"comment_status":"closed","ping_status":"closed","template":"","meta":{"inline_featured_image":false,"footnotes":""},"class_list":["post-9374","page","type-page","status-publish","hentry"],"jetpack_sharing_enabled":true,"_links":{"self":[{"href":"https:\/\/www.polecultureldesursulines.ca\/en\/wp-json\/wp\/v2\/pages\/9374","targetHints":{"allow":["GET"]}}],"collection":[{"href":"https:\/\/www.polecultureldesursulines.ca\/en\/wp-json\/wp\/v2\/pages"}],"about":[{"href":"https:\/\/www.polecultureldesursulines.ca\/en\/wp-json\/wp\/v2\/types\/page"}],"author":[{"embeddable":true,"href":"https:\/\/www.polecultureldesursulines.ca\/en\/wp-json\/wp\/v2\/users\/25"}],"replies":[{"embeddable":true,"href":"https:\/\/www.polecultureldesursulines.ca\/en\/wp-json\/wp\/v2\/comments?post=9374"}],"version-history":[{"count":0,"href":"https:\/\/www.polecultureldesursulines.ca\/en\/wp-json\/wp\/v2\/pages\/9374\/revisions"}],"wp:attachment":[{"href":"https:\/\/www.polecultureldesursulines.ca\/en\/wp-json\/wp\/v2\/media?parent=9374"}],"curies":[{"name":"wp","href":"https:\/\/api.w.org\/{rel}","templated":true}]}}