{"id":9307,"date":"2019-11-12T20:12:56","date_gmt":"2019-11-12T16:12:56","guid":{"rendered":"https:\/\/www.polecultureldesursulines.ca\/exposition-jouant-grand\/"},"modified":"2024-11-05T15:58:34","modified_gmt":"2024-11-05T19:58:34","slug":"exhibition-we-grow-up-by-playing","status":"publish","type":"page","link":"https:\/\/www.polecultureldesursulines.ca\/en\/exhibition-we-grow-up-by-playing\/","title":{"rendered":"Museum | Exhibition &#8211; We Grow Up by Playing"},"content":{"rendered":"<div class=\"wpb-content-wrapper\"><p>[vc_section full_width=&#8221;stretch_row_content&#8221;][vc_row full_width=&#8221;stretch_row_content_no_spaces&#8221; css=&#8221;.vc_custom_1573232366793{padding-top: 20vh !important;padding-bottom: 20vh !important;background-image: url(https:\/\/www.polecultureldesursulines.ca\/wp-content\/uploads\/2019\/11\/banniere_2048x864.png?id=6785) !important;background-position: center !important;background-repeat: no-repeat !important;background-size: cover !important;}&#8221;][vc_column][\/vc_column][\/vc_row][\/vc_section][vc_section full_width=&#8221;stretch_row&#8221; css=&#8221;.vc_custom_1527080322606{padding-top: 2px !important;padding-bottom: 2px !important;background-color: #167272 !important;}&#8221;][vc_row][vc_column]<style>.ra_button_69df3f4d7028e i{color:#ffffff;}.ra_button_69df3f4d7028e{border-color: !important;color:#ffffff !important;}.ra_button_69df3f4d7028e:focus,.ra_button_69df3f4d7028e:hover{color:rgba(255,255,255,0.5) !important;}<\/style><a href=\"https:\/\/www.polecultureldesursulines.ca\/en\/museum-pole-culturel\/\" title=\"Museum of P\u00f4le culturel du Monast\u00e8re des Ursulines\" class=\"btn btn-naked border-thin fix-v-align text-uppercase ra_button_69df3f4d7028e icon-left\" >\n\t\t\t\t<span>\n\t<i class=\"typcn typcn-arrow-left\"><\/i>Back to the Museum\t<\/span>\n<\/a>\n[\/vc_column][\/vc_row][\/vc_section][vc_section full_width=&#8221;stretch_row&#8221; css=&#8221;.vc_custom_1614281823784{padding-top: 5% !important;padding-bottom: 10vh !important;background-color: #f3f3f3 !important;}&#8221;][vc_row css=&#8221;.vc_custom_1614281838565{margin-bottom: 0px !important;}&#8221;][vc_column width=&#8221;1\/2&#8243; css=&#8221;.vc_custom_1573232483583{margin-bottom: 0px !important;}&#8221;][vc_custom_heading text=&#8221;We Grow Up by Playing&#8221; font_container=&#8221;tag:h1|text_align:left|color:%23167272&#8243; use_theme_fonts=&#8221;yes&#8221; css=&#8221;.vc_custom_1611959392828{margin-top: 0px !important;margin-bottom: 13px !important;padding-top: 0px !important;}&#8221;][vc_custom_heading text=&#8221;The exhibition where you play!&#8221; font_container=&#8221;tag:h2|font_size:34px|text_align:left|color:%238c8c8c|line_height:37px&#8221; use_theme_fonts=&#8221;yes&#8221; css=&#8221;.vc_custom_1611959405394{margin-top: 0px !important;margin-bottom: 21px !important;padding-top: 0px !important;}&#8221;][vc_custom_heading text=&#8221;Temporary exhibition&#8221; font_container=&#8221;tag:h4|font_size:34px|text_align:left|color:%238c8c8c|line_height:37px&#8221; use_theme_fonts=&#8221;yes&#8221; css=&#8221;.vc_custom_1613667153771{margin-top: 0px !important;margin-bottom: 21px !important;padding-top: 0px !important;}&#8221;][vc_separator color=&#8221;custom&#8221; align=&#8221;align_left&#8221; el_width=&#8221;30&#8243; css=&#8221;.vc_custom_1526653389621{margin-bottom: 0px !important;}&#8221; accent_color=&#8221;#cecece&#8221;][\/vc_column][vc_column width=&#8221;1\/2&#8243;][vc_column_text css=&#8221;.vc_custom_1611959509668{margin-top: 0px !important;margin-bottom: 21px !important;}&#8221;]<\/p>\n<h3 id=\"est-ce-qu\u2019on-s\u2019amuse-chez-\">Did they have fun at the Ursuline schools? You bet!<\/h3>\n<p>[\/vc_column_text][vc_column_text css=&#8221;.vc_custom_1613667478027{margin-top: 0px !important;}&#8221;]Whether in Rimouski, Quebec City, Trois-Rivi\u00e8res, Roberval, Stanstead, Gasp\u00e9 or Loretteville, play was a part of the students\u2019 daily lives. Wanting to educate rather than teach, the nuns felt that play\u2014in addition to being fun\u2014contributed to learning and personal development and even helped children grow up!<\/p>\n<p>For the first time ever, the Ursulines\u2019 remarkable collection of toys and games is featured in the <strong>We Grow Up by Playing<\/strong> exhibition. Some pieces on display date back to the 18<sup>th<\/sup> century! Come take a closer look\u2026 if you\u2019re game![\/vc_column_text][\/vc_column][\/vc_row][\/vc_section][vc_section full_width=&#8221;stretch_row&#8221; css=&#8221;.vc_custom_1526650257318{padding-top: 10vh !important;padding-bottom: 10vh !important;background-color: #167272 !important;}&#8221;][vc_row][vc_column][vc_masonry_media_grid element_width=&#8221;3&#8243; gap=&#8221;15&#8243; grid_id=&#8221;vc_gid:1730836695035-1286673c53d1443cd1f2e600b504fddc-3&#8243; include=&#8221;8812,8813,10507,10509,10511,10513,10515,10517&#8243;][\/vc_column][\/vc_row][\/vc_section][vc_row][vc_column][vc_custom_heading text=&#8221;Special thanks&#8221; use_theme_fonts=&#8221;yes&#8221;][vc_column_text]The P\u00f4le culturel du Monast\u00e8re des Ursulines thanks the following institutions for their generous collaboration:<\/p>\n<p>L\u2019\u00c9cole des Ursulines de Qu\u00e9bec<br \/>\nLes petits murmures \u2013 CPE (early childhood center)<br \/>\nLe Mus\u00e9e de la civilisation<br \/>\nLe Mus\u00e9e des Ursulines de Trois-Rivi\u00e8res<br \/>\nR\u00e9no-Jouets<\/p>\n<p>&nbsp;<\/p>\n<p>The P\u00f4le culturel du Monast\u00e8re des Ursulines is subsidized by the Minist\u00e8re de la Culture et des Communications du Qu\u00e9bec.[\/vc_column_text][\/vc_column][\/vc_row][vc_row][vc_column width=&#8221;1\/4&#8243;][vc_single_image image=&#8221;8706&#8243; img_size=&#8221;medium&#8221; alignment=&#8221;center&#8221;][\/vc_column][vc_column width=&#8221;1\/4&#8243;][\/vc_column][vc_column width=&#8221;1\/4&#8243;][vc_single_image image=&#8221;8695&#8243; img_size=&#8221;medium&#8221; alignment=&#8221;center&#8221;][\/vc_column][vc_column width=&#8221;1\/4&#8243;][\/vc_column][\/vc_row]<\/p>\n<\/div>","protected":false},"excerpt":{"rendered":"<p>[vc_section full_width=&#8221;stretch_row_content&#8221;][vc_row full_width=&#8221;stretch_row_content_no_spaces&#8221; css=&#8221;.vc_custom_1573232366793{padding-top: 20vh !important;padding-bottom: 20vh !important;background-image: url(https:\/\/www.polecultureldesursulines.ca\/wp-content\/uploads\/2019\/11\/banniere_2048x864.png?id=6785) !important;background-position: center !important;background-repeat: no-repeat !important;background-size: cover !important;}&#8221;][vc_column][\/vc_column][\/vc_row][\/vc_section][vc_section full_width=&#8221;stretch_row&#8221; css=&#8221;.vc_custom_1527080322606{padding-top: 2px !important;padding-bottom: 2px !important;background-color: #167272 !important;}&#8221;][vc_row][vc_column][\/vc_column][\/vc_row][\/vc_section][vc_section full_width=&#8221;stretch_row&#8221; css=&#8221;.vc_custom_1614281823784{padding-top: 5% !important;padding-bottom: 10vh !important;background-color: #f3f3f3 !important;}&#8221;][vc_row css=&#8221;.vc_custom_1614281838565{margin-bottom: 0px !important;}&#8221;][vc_column width=&#8221;1\/2&#8243; css=&#8221;.vc_custom_1573232483583{margin-bottom: 0px !important;}&#8221;][vc_custom_heading text=&#8221;We Grow Up by Playing&#8221; font_container=&#8221;tag:h1|text_align:left|color:%23167272&#8243; use_theme_fonts=&#8221;yes&#8221; css=&#8221;.vc_custom_1611959392828{margin-top: 0px !important;margin-bottom: 13px !important;padding-top: 0px !important;}&#8221;][vc_custom_heading text=&#8221;The exhibition [&#8230;]<\/p>\n","protected":false},"author":25,"featured_media":0,"parent":0,"menu_order":0,"comment_status":"closed","ping_status":"closed","template":"","meta":{"inline_featured_image":false,"footnotes":""},"class_list":["post-9307","page","type-page","status-publish","hentry"],"jetpack_sharing_enabled":true,"_links":{"self":[{"href":"https:\/\/www.polecultureldesursulines.ca\/en\/wp-json\/wp\/v2\/pages\/9307","targetHints":{"allow":["GET"]}}],"collection":[{"href":"https:\/\/www.polecultureldesursulines.ca\/en\/wp-json\/wp\/v2\/pages"}],"about":[{"href":"https:\/\/www.polecultureldesursulines.ca\/en\/wp-json\/wp\/v2\/types\/page"}],"author":[{"embeddable":true,"href":"https:\/\/www.polecultureldesursulines.ca\/en\/wp-json\/wp\/v2\/users\/25"}],"replies":[{"embeddable":true,"href":"https:\/\/www.polecultureldesursulines.ca\/en\/wp-json\/wp\/v2\/comments?post=9307"}],"version-history":[{"count":0,"href":"https:\/\/www.polecultureldesursulines.ca\/en\/wp-json\/wp\/v2\/pages\/9307\/revisions"}],"wp:attachment":[{"href":"https:\/\/www.polecultureldesursulines.ca\/en\/wp-json\/wp\/v2\/media?parent=9307"}],"curies":[{"name":"wp","href":"https:\/\/api.w.org\/{rel}","templated":true}]}}