{"id":14561,"date":"2025-05-23T10:27:09","date_gmt":"2025-05-23T14:27:09","guid":{"rendered":"https:\/\/www.polecultureldesursulines.ca\/museum-exhibition-mosaic-tribute\/"},"modified":"2025-05-23T10:27:10","modified_gmt":"2025-05-23T14:27:10","slug":"museum-exhibition-mosaic-tribute","status":"publish","type":"page","link":"https:\/\/www.polecultureldesursulines.ca\/en\/museum-exhibition-mosaic-tribute\/","title":{"rendered":"Museum | Exhibition &#8211; Mosaic tribute"},"content":{"rendered":"<div class=\"wpb-content-wrapper\"><p>[vc_section full_width=&#8221;stretch_row_content&#8221; min_height=&#8221;450&#8243;][vc_row full_width=&#8221;stretch_row_content_no_spaces&#8221; css=&#8221;.vc_custom_1742336592922{background-color: #167272 !important;background-position: center !important;background-repeat: no-repeat !important;background-size: cover !important;}&#8221;][vc_column][\/vc_column][\/vc_row][\/vc_section][vc_section full_width=&#8221;stretch_row&#8221; css=&#8221;.vc_custom_1527081011295{padding-top: 2px !important;padding-bottom: 2px !important;background-color: #167272 !important;}&#8221;][vc_row][vc_column]<style>.ra_button_69d6e128757ab i{color:#ffffff;}.ra_button_69d6e128757ab{border-color: !important;color:#ffffff !important;}.ra_button_69d6e128757ab:focus,.ra_button_69d6e128757ab:hover{color:rgba(255,255,255,0.5) !important;}<\/style><a href=\"https:\/\/www.polecultureldesursulines.ca\/musee-pole-culturel\/\" class=\"btn btn-naked border-thin fix-v-align text-uppercase ra_button_69d6e128757ab icon-left\" >\n\t\t\t\t<span>\n\t<i class=\"typcn typcn-arrow-left\"><\/i>Back to the museum\t<\/span>\n<\/a>\n[\/vc_column][\/vc_row][\/vc_section][vc_section full_width=&#8221;stretch_row&#8221; css=&#8221;.vc_custom_1526648776975{padding-top: 5% !important;padding-bottom: 10vh !important;background-color: #f3f3f3 !important;}&#8221;][vc_row equal_height=&#8221;yes&#8221;][vc_column width=&#8221;1\/2&#8243;][vc_custom_heading text=&#8221;Tribute mosaic&#8221; font_container=&#8221;tag:h1|text_align:left|color:%23167272&#8243; use_theme_fonts=&#8221;yes&#8221; css=&#8221;.vc_custom_1742315814670{margin-top: 0px !important;margin-bottom: 13px !important;padding-top: 0px !important;}&#8221;][vc_custom_heading text=&#8221;From one generation of students to the next, Preparing for the future.&#8221; font_container=&#8221;tag:h2|font_size:34px|text_align:left|color:%238c8c8c|line_height:37px&#8221; use_theme_fonts=&#8221;yes&#8221; css=&#8221;.vc_custom_1742322537418{margin-top: 0px !important;margin-bottom: 21px !important;padding-top: 0px !important;}&#8221;][vc_custom_heading text=&#8221;From April 30&#8243; font_container=&#8221;tag:h4|font_size:34px|text_align:left|color:%238c8c8c|line_height:37px&#8221; use_theme_fonts=&#8221;yes&#8221; css=&#8221;.vc_custom_1742315881746{margin-top: 0px !important;margin-bottom: 21px !important;padding-top: 0px !important;}&#8221;][vc_separator color=&#8221;custom&#8221; align=&#8221;align_left&#8221; el_width=&#8221;30&#8243; css=&#8221;.vc_custom_1526655753998{margin-bottom: 0px !important;}&#8221; accent_color=&#8221;#cecece&#8221;][\/vc_column][vc_column width=&#8221;1\/2&#8243;][vc_column_text css=&#8221;&#8221;]The mosaic <em>D&#8217;une g\u00e9n\u00e9ration d&#8217;\u00e9l\u00e8ves \u00e0 l&#8217;autre, pr\u00e9parer l&#8217;avenir (From one generation of students to the next, preparing for the future)<\/em> pays tribute to some sixty former students with remarkable career paths. For almost four centuries, thousands of young girls have \u201cgrown up\u201d with the Ursulines, being<br>encouraged to give of themselves to build a more just and open society.<br>The cumulative impact of their journeys is undeniable &#8211; whether in the intimacy of a home, in front of a class, or on the national or international stage. Some of them have advanced Quebec and the place of women in many fields: education, literature, health, law, social work, music, visual arts, design&#8230;<\/p>\n<p>Visitors can meet them by rotating either<br>of the \u201cdoors\u201d. These determined women have opened so many doors themselves. At the back,<br>, a large-format projection shows girls and boys from the School preparing, in turn, to write the future.<\/p>\n<p>Discover this mosaic on a tour of the museum![\/vc_column_text][vc_btn title=&#8221;Go to the box office&#8221; color=&#8221;juicy-pink&#8221; css=&#8221;&#8221; link=&#8221;url:https%3A%2F%2Fbilletterie.polecultureldesursulines.ca%2FOnline%2Fdefault.asp|&#8221;][\/vc_column][\/vc_row][vc_row gap=&#8221;5&#8243; css=&#8221;.vc_custom_1742387931189{margin-top: 8vh !important;background-color: #FFFFFF !important;}&#8221;][vc_column width=&#8221;1\/5&#8243;][\/vc_column][vc_column width=&#8221;1\/5&#8243;][vc_single_image image=&#8221;14482&#8243; img_size=&#8221;full&#8221; css=&#8221;&#8221;][\/vc_column][vc_column width=&#8221;1\/5&#8243;][vc_single_image image=&#8221;14480&#8243; img_size=&#8221;full&#8221; css=&#8221;&#8221;][\/vc_column][vc_column width=&#8221;1\/5&#8243;][vc_single_image image=&#8221;14484&#8243; img_size=&#8221;full&#8221; css=&#8221;&#8221;][\/vc_column][vc_column width=&#8221;1\/5&#8243;][\/vc_column][\/vc_row][\/vc_section][vc_section full_width=&#8221;stretch_row&#8221; css=&#8221;.vc_custom_1742316693253{padding-top: 5vh !important;padding-bottom: 5vh !important;background-color: #FFFFFF !important;}&#8221;][\/vc_section]<\/p>\n<\/div>","protected":false},"excerpt":{"rendered":"<p>[vc_section full_width=&#8221;stretch_row_content&#8221; min_height=&#8221;450&#8243;][vc_row full_width=&#8221;stretch_row_content_no_spaces&#8221; css=&#8221;.vc_custom_1742336592922{background-color: #167272 !important;background-position: center !important;background-repeat: no-repeat !important;background-size: cover !important;}&#8221;][vc_column][\/vc_column][\/vc_row][\/vc_section][vc_section full_width=&#8221;stretch_row&#8221; css=&#8221;.vc_custom_1527081011295{padding-top: 2px !important;padding-bottom: 2px !important;background-color: #167272 !important;}&#8221;][vc_row][vc_column][\/vc_column][\/vc_row][\/vc_section][vc_section full_width=&#8221;stretch_row&#8221; css=&#8221;.vc_custom_1526648776975{padding-top: 5% !important;padding-bottom: 10vh !important;background-color: #f3f3f3 !important;}&#8221;][vc_row equal_height=&#8221;yes&#8221;][vc_column width=&#8221;1\/2&#8243;][vc_custom_heading text=&#8221;Tribute mosaic&#8221; font_container=&#8221;tag:h1|text_align:left|color:%23167272&#8243; use_theme_fonts=&#8221;yes&#8221; css=&#8221;.vc_custom_1742315814670{margin-top: 0px !important;margin-bottom: 13px !important;padding-top: 0px !important;}&#8221;][vc_custom_heading text=&#8221;From one generation of students to the next, Preparing for the future.&#8221; font_container=&#8221;tag:h2|font_size:34px|text_align:left|color:%238c8c8c|line_height:37px&#8221; [&#8230;]<\/p>\n","protected":false},"author":24,"featured_media":0,"parent":0,"menu_order":0,"comment_status":"closed","ping_status":"closed","template":"","meta":{"inline_featured_image":false,"footnotes":""},"class_list":["post-14561","page","type-page","status-publish","hentry"],"jetpack_sharing_enabled":true,"_links":{"self":[{"href":"https:\/\/www.polecultureldesursulines.ca\/en\/wp-json\/wp\/v2\/pages\/14561","targetHints":{"allow":["GET"]}}],"collection":[{"href":"https:\/\/www.polecultureldesursulines.ca\/en\/wp-json\/wp\/v2\/pages"}],"about":[{"href":"https:\/\/www.polecultureldesursulines.ca\/en\/wp-json\/wp\/v2\/types\/page"}],"author":[{"embeddable":true,"href":"https:\/\/www.polecultureldesursulines.ca\/en\/wp-json\/wp\/v2\/users\/24"}],"replies":[{"embeddable":true,"href":"https:\/\/www.polecultureldesursulines.ca\/en\/wp-json\/wp\/v2\/comments?post=14561"}],"version-history":[{"count":3,"href":"https:\/\/www.polecultureldesursulines.ca\/en\/wp-json\/wp\/v2\/pages\/14561\/revisions"}],"predecessor-version":[{"id":14564,"href":"https:\/\/www.polecultureldesursulines.ca\/en\/wp-json\/wp\/v2\/pages\/14561\/revisions\/14564"}],"wp:attachment":[{"href":"https:\/\/www.polecultureldesursulines.ca\/en\/wp-json\/wp\/v2\/media?parent=14561"}],"curies":[{"name":"wp","href":"https:\/\/api.w.org\/{rel}","templated":true}]}}