{"id":14555,"date":"2025-05-23T10:26:04","date_gmt":"2025-05-23T14:26:04","guid":{"rendered":"https:\/\/www.polecultureldesursulines.ca\/museum-exhibition-growing-up-at-the-ursulines\/"},"modified":"2026-01-05T21:21:10","modified_gmt":"2026-01-06T01:21:10","slug":"museum-exhibition-growing-up-at-the-ursulines","status":"publish","type":"page","link":"https:\/\/www.polecultureldesursulines.ca\/en\/museum-exhibition-growing-up-at-the-ursulines\/","title":{"rendered":"Museum | Exhibition &#8211; GROWING up at the Ursulines"},"content":{"rendered":"<div class=\"wpb-content-wrapper\"><p>[vc_section css=&#8221;.vc_custom_1767662465314{margin-top: 0px !important;background-color: #FEFDFB !important;}&#8221;][vc_row full_width=&#8221;stretch_row_content&#8221; enable_responsive_options=&#8221;yes&#8221; css=&#8221;.vc_custom_1767662437960{padding-top: 30vh !important;padding-bottom: 30vh !important;background-image: url(https:\/\/www.polecultureldesursulines.ca\/wp-content\/uploads\/2025\/03\/grandir-banniere.jpg?id=14496) !important;background-position: center !important;background-repeat: no-repeat !important;background-size: cover !important;}&#8221; min_height=&#8221;850px&#8221;][vc_column][\/vc_column][\/vc_row][\/vc_section][vc_section full_width=&#8221;stretch_row&#8221; css=&#8221;.vc_custom_1742330312945{margin-top: 1vh !important;padding-top: 4px !important;padding-bottom: 4px !important;background-color: #167272 !important;}&#8221;][vc_row][vc_column]<style>.ra_button_69d95c7befe8f i{color:#ffffff;}.ra_button_69d95c7befe8f{border-color: !important;color:#ffffff !important;}.ra_button_69d95c7befe8f:focus,.ra_button_69d95c7befe8f:hover{color:rgba(255,255,255,0.5) !important;}<\/style><a href=\"https:\/\/www.polecultureldesursulines.ca\/musee-pole-culturel\/\" class=\"btn btn-naked border-thin fix-v-align text-uppercase ra_button_69d95c7befe8f icon-left\" >\n\t\t\t\t<span>\n\t<i class=\"typcn typcn-arrow-left\"><\/i>Back to the museum\t<\/span>\n<\/a>\n[\/vc_column][\/vc_row][\/vc_section][vc_section full_width=&#8221;stretch_row&#8221; css=&#8221;.vc_custom_1526648776975{padding-top: 5% !important;padding-bottom: 10vh !important;background-color: #f3f3f3 !important;}&#8221;][vc_row equal_height=&#8221;yes&#8221;][vc_column width=&#8221;1\/2&#8243;][vc_custom_heading text=&#8221;Growing up with the Ursulines&#8221; font_container=&#8221;tag:h1|text_align:left|color:%23167272&#8243; use_theme_fonts=&#8221;yes&#8221; css=&#8221;.vc_custom_1742341846764{margin-top: 0px !important;margin-bottom: 13px !important;padding-top: 0px !important;}&#8221;][vc_custom_heading text=&#8221;New permanent exhibition&#8221; font_container=&#8221;tag:h2|font_size:34px|text_align:left|color:%238c8c8c|line_height:37px&#8221; use_theme_fonts=&#8221;yes&#8221; css=&#8221;.vc_custom_1742313849010{margin-top: 0px !important;margin-bottom: 21px !important;padding-top: 0px !important;}&#8221;][vc_custom_heading text=&#8221;From April 30&#8243; font_container=&#8221;tag:h4|font_size:34px|text_align:left|color:%238c8c8c|line_height:37px&#8221; use_theme_fonts=&#8221;yes&#8221; css=&#8221;.vc_custom_1742313918128{margin-top: 0px !important;margin-bottom: 21px !important;padding-top: 0px !important;}&#8221;][vc_separator color=&#8221;custom&#8221; align=&#8221;align_left&#8221; el_width=&#8221;30&#8243; css=&#8221;.vc_custom_1742322785157{margin-bottom: 3vh !important;}&#8221; accent_color=&#8221;#cecece&#8221;][\/vc_column][vc_column width=&#8221;1\/2&#8243; css=&#8221;.vc_custom_1742387630804{padding-right: 2vh !important;padding-left: 2vh !important;}&#8221;][vc_column_text css=&#8221;&#8221;]<strong>Grandir chez les Ursulines<\/strong> raconte l\u2019\u0153uvre \u00e9ducative et profond\u00e9ment humaine des Ursulines depuis pr\u00e8s de 400 ans. \u00c0 travers six salles, l\u2019exposition met en lumi\u00e8re la<br \/>\ncontribution des Ursulines au regard du d\u00e9veloppement de l\u2019\u00e9cole moderne et de<br \/>\nl\u2019avancement de la condition f\u00e9minine au Qu\u00e9bec.<\/p>\n<p>Plus de 580 objets de collections et documents d\u2019archives<em>,<\/em> dont certains n\u2019ont jamais \u00e9t\u00e9 pr\u00e9sent\u00e9s au grand public, sont r\u00e9unis sous un m\u00eame toit. Ils nous d\u00e9voilent des pans m\u00e9connus de la riche histoire de ces femmes, religieuses, enseignantes, et tour \u00e0 tour, seigneuresses, artistes, \u00e9crivaines, scientifiques&#8230;<br \/>\nParmi ces pi\u00e8ces d\u2019une valeur inestimable figurent un document fondateur portant le sceau du roi Louis XIII, un plan\u00e9taire d\u2019apr\u00e8s Copernic datant du 19<sup>e<\/sup> si\u00e8cle et de magnifiques parements d\u2019autel brod\u00e9s par les Ursulines. Un v\u00e9ritable tr\u00e9sor d\u2019histoire \u00e0 d\u00e9couvrir au c\u0153ur du Vieux-Qu\u00e9bec\u00a0![\/vc_column_text][vc_btn title=&#8221;Go to the box office&#8221; color=&#8221;juicy-pink&#8221; css=&#8221;&#8221; link=&#8221;url:https%3A%2F%2Fbilletterie.polecultureldesursulines.ca%2FOnline%2Fdefault.asp|&#8221;][\/vc_column][\/vc_row][vc_row gap=&#8221;25&#8243; equal_height=&#8221;yes&#8221; content_placement=&#8221;middle&#8221; enable_responsive_options=&#8221;yes&#8221; css=&#8221;.vc_custom_1742333322736{margin-top: 5vh !important;background-color: #FFFFFF !important;}&#8221;][vc_column width=&#8221;1\/5&#8243;][\/vc_column][vc_column width=&#8221;1\/5&#8243;][vc_single_image image=&#8221;12462&#8243; img_size=&#8221;medium&#8221; alignment=&#8221;center&#8221; css=&#8221;&#8221;][\/vc_column][vc_column width=&#8221;1\/5&#8243;][vc_single_image image=&#8221;12464&#8243; img_size=&#8221;medium&#8221; alignment=&#8221;center&#8221; css=&#8221;.vc_custom_1742387992975{background-position: center !important;background-repeat: no-repeat !important;background-size: contain !important;}&#8221; image_max_width=&#8221;100%&#8221;][\/vc_column][vc_column width=&#8221;1\/5&#8243;][vc_single_image image=&#8221;10784&#8243; img_size=&#8221;medium&#8221; alignment=&#8221;center&#8221; css=&#8221;&#8221;][\/vc_column][vc_column width=&#8221;1\/5&#8243;][\/vc_column][\/vc_row][\/vc_section][vc_section full_width=&#8221;stretch_row&#8221; css=&#8221;.vc_custom_1527013670784{padding-top: 10vh !important;padding-bottom: 10vh !important;background-color: #167272 !important;}&#8221;][vc_row][vc_column][vc_masonry_media_grid element_width=&#8221;3&#8243; gap=&#8221;15&#8243; css=&#8221;&#8221; grid_id=&#8221;vc_gid:1767662364232-d26d27a58023276d605a189d50d4b7e3-3&#8243;][\/vc_column][\/vc_row][\/vc_section]<\/p>\n<\/div>","protected":false},"excerpt":{"rendered":"<p>[vc_section css=&#8221;.vc_custom_1767662465314{margin-top: 0px !important;background-color: #FEFDFB !important;}&#8221;][vc_row full_width=&#8221;stretch_row_content&#8221; enable_responsive_options=&#8221;yes&#8221; css=&#8221;.vc_custom_1767662437960{padding-top: 30vh !important;padding-bottom: 30vh !important;background-image: url(https:\/\/www.polecultureldesursulines.ca\/wp-content\/uploads\/2025\/03\/grandir-banniere.jpg?id=14496) !important;background-position: center !important;background-repeat: no-repeat !important;background-size: cover !important;}&#8221; min_height=&#8221;850px&#8221;][vc_column][\/vc_column][\/vc_row][\/vc_section][vc_section full_width=&#8221;stretch_row&#8221; css=&#8221;.vc_custom_1742330312945{margin-top: 1vh !important;padding-top: 4px !important;padding-bottom: 4px !important;background-color: #167272 !important;}&#8221;][vc_row][vc_column][\/vc_column][\/vc_row][\/vc_section][vc_section full_width=&#8221;stretch_row&#8221; css=&#8221;.vc_custom_1526648776975{padding-top: 5% !important;padding-bottom: 10vh !important;background-color: #f3f3f3 !important;}&#8221;][vc_row equal_height=&#8221;yes&#8221;][vc_column width=&#8221;1\/2&#8243;][vc_custom_heading text=&#8221;Growing up with the Ursulines&#8221; font_container=&#8221;tag:h1|text_align:left|color:%23167272&#8243; use_theme_fonts=&#8221;yes&#8221; css=&#8221;.vc_custom_1742341846764{margin-top: 0px !important;margin-bottom: 13px !important;padding-top: 0px [&#8230;]<\/p>\n","protected":false},"author":24,"featured_media":0,"parent":0,"menu_order":0,"comment_status":"closed","ping_status":"closed","template":"","meta":{"inline_featured_image":false,"footnotes":""},"class_list":["post-14555","page","type-page","status-publish","hentry"],"jetpack_sharing_enabled":true,"_links":{"self":[{"href":"https:\/\/www.polecultureldesursulines.ca\/en\/wp-json\/wp\/v2\/pages\/14555","targetHints":{"allow":["GET"]}}],"collection":[{"href":"https:\/\/www.polecultureldesursulines.ca\/en\/wp-json\/wp\/v2\/pages"}],"about":[{"href":"https:\/\/www.polecultureldesursulines.ca\/en\/wp-json\/wp\/v2\/types\/page"}],"author":[{"embeddable":true,"href":"https:\/\/www.polecultureldesursulines.ca\/en\/wp-json\/wp\/v2\/users\/24"}],"replies":[{"embeddable":true,"href":"https:\/\/www.polecultureldesursulines.ca\/en\/wp-json\/wp\/v2\/comments?post=14555"}],"version-history":[{"count":14,"href":"https:\/\/www.polecultureldesursulines.ca\/en\/wp-json\/wp\/v2\/pages\/14555\/revisions"}],"predecessor-version":[{"id":14695,"href":"https:\/\/www.polecultureldesursulines.ca\/en\/wp-json\/wp\/v2\/pages\/14555\/revisions\/14695"}],"wp:attachment":[{"href":"https:\/\/www.polecultureldesursulines.ca\/en\/wp-json\/wp\/v2\/media?parent=14555"}],"curies":[{"name":"wp","href":"https:\/\/api.w.org\/{rel}","templated":true}]}}